{"id":7376,"date":"2023-07-02T04:59:19","date_gmt":"2023-07-02T02:59:19","guid":{"rendered":"https:\/\/www.finest-vanilla.com\/fr\/?page_id=7376"},"modified":"2025-11-29T08:34:10","modified_gmt":"2025-11-29T07:34:10","slug":"vanille-rouge-de-madagascar","status":"publish","type":"page","link":"https:\/\/www.finest-vanilla.com\/fr\/vanille-rouge-de-madagascar\/","title":{"rendered":"Vanille rouge de Madagascar"},"content":{"rendered":"\t\t<div data-elementor-type=\"wp-page\" data-elementor-id=\"7376\" class=\"elementor elementor-7376\" data-elementor-settings=\"{&quot;ha_cmc_init_switcher&quot;:&quot;no&quot;}\" data-elementor-post-type=\"page\">\n\t\t\t\t<div class=\"elementor-element elementor-element-3b1bf0e e-con-full e-flex e-con e-parent\" data-id=\"3b1bf0e\" data-element_type=\"container\" data-settings=\"{&quot;_ha_eqh_enable&quot;:false}\">\n\t\t\t\t<div class=\"elementor-element elementor-element-f500f10 elementor-widget elementor-widget-image\" data-id=\"f500f10\" data-element_type=\"widget\" data-widget_type=\"image.default\">\n\t\t\t\t\t\t\t\t\t\t\t\t\t\t\t<img fetchpriority=\"high\" decoding=\"async\" width=\"1920\" height=\"500\" src=\"https:\/\/www.finest-vanilla.com\/fr\/wp-content\/uploads\/2025\/11\/banner1.jpg\" class=\"attachment-full size-full wp-image-6555\" alt=\"\" \/>\t\t\t\t\t\t\t\t\t\t\t\t\t\t\t<\/div>\n\t\t\t\t<\/div>\n\t\t\t\t<section class=\"elementor-section elementor-top-section elementor-element elementor-element-ab0c826 elementor-section-full_width elementor-section-height-default elementor-section-height-default\" data-id=\"ab0c826\" data-element_type=\"section\" data-settings=\"{&quot;_ha_eqh_enable&quot;:false}\">\n\t\t\t\t\t\t<div class=\"elementor-container elementor-column-gap-no\">\n\t\t\t\t\t<div class=\"elementor-column elementor-col-100 elementor-top-column elementor-element elementor-element-c458734\" data-id=\"c458734\" data-element_type=\"column\">\n\t\t\t<div class=\"elementor-widget-wrap elementor-element-populated\">\n\t\t\t\t\t\t<section class=\"elementor-section elementor-inner-section elementor-element elementor-element-5a34c25 elementor-section-boxed elementor-section-height-default elementor-section-height-default\" data-id=\"5a34c25\" data-element_type=\"section\" data-settings=\"{&quot;_ha_eqh_enable&quot;:false}\">\n\t\t\t\t\t\t<div class=\"elementor-container elementor-column-gap-no\">\n\t\t\t\t\t<div class=\"elementor-column elementor-col-100 elementor-inner-column elementor-element elementor-element-e4d236f\" data-id=\"e4d236f\" data-element_type=\"column\">\n\t\t\t<div class=\"elementor-widget-wrap elementor-element-populated\">\n\t\t\t\t\t\t<div class=\"elementor-element elementor-element-4d08cd6 elementor-widget elementor-widget-wellnezsectiontitle\" data-id=\"4d08cd6\" data-element_type=\"widget\" data-widget_type=\"wellnezsectiontitle.default\">\n\t\t\t\t<div class=\"elementor-widget-container\">\n\t\t\t\t\t<!-- Section Title --><div class=\"title-area\" ><span class=\"sec-subtitle\">Finest Vanilla<\/span><h2 class=\"sec-title3 title-selector h1\">Vanille rouge de Madagascar\n<\/h2><p class=\"desc\">Vanille rouge de Madagascar : un tr\u00e9sor rare \u00e0 explorer\nD\u00e9couvrez la vanille rouge de Madagascar, une vari\u00e9t\u00e9 rare et exquise qui captive les sens avec son ar\u00f4me profond et sa saveur riche. Plongez dans l'univers envo\u00fbtant de cette \u00e9pice pr\u00e9cieuse.<\/p><div class=\"section-title-image\"><img decoding=\"async\" src=\"https:\/\/wordpress.vecurosoft.com\/wellnez\/wp-content\/uploads\/2023\/03\/sec-shape-1.png\" alt=\"sec shape 1\"  \/><\/div><\/div><!-- End Section Title -->\t\t\t\t<\/div>\n\t\t\t\t<\/div>\n\t\t\t\t\t<\/div>\n\t\t<\/div>\n\t\t\t\t\t<\/div>\n\t\t<\/section>\n\t\t\t\t<section class=\"elementor-section elementor-inner-section elementor-element elementor-element-f63a486 elementor-section-boxed elementor-section-height-default elementor-section-height-default\" data-id=\"f63a486\" data-element_type=\"section\" data-settings=\"{&quot;_ha_eqh_enable&quot;:false}\">\n\t\t\t\t\t\t<div class=\"elementor-container elementor-column-gap-no\">\n\t\t\t\t\t<div class=\"elementor-column elementor-col-50 elementor-inner-column elementor-element elementor-element-59f653a\" data-id=\"59f653a\" data-element_type=\"column\">\n\t\t\t<div class=\"elementor-widget-wrap elementor-element-populated\">\n\t\t\t\t\t\t<div class=\"elementor-element elementor-element-0a73814 elementor-widget elementor-widget-image-gallery\" data-id=\"0a73814\" data-element_type=\"widget\" data-widget_type=\"image-gallery.default\">\n\t\t\t\t\t\t\t<div class=\"elementor-image-gallery\">\n\t\t\t<div id='gallery-1' class='gallery galleryid-7376 gallery-columns-1 gallery-size-full'><figure class='gallery-item'>\n\t\t\t<div class='gallery-icon landscape'>\n\t\t\t\t<a data-elementor-open-lightbox=\"yes\" data-elementor-lightbox-slideshow=\"0a73814\" data-elementor-lightbox-title=\"vanille6\" data-e-action-hash=\"#elementor-action%3Aaction%3Dlightbox%26settings%3DeyJpZCI6Njk4MiwidXJsIjoiaHR0cHM6XC9cL3d3dy5maW5lc3QtdmFuaWxsYS5jb21cL2ZyXC93cC1jb250ZW50XC91cGxvYWRzXC8yMDI1XC8xMVwvdmFuaWxsZTYuanBlZyIsInNsaWRlc2hvdyI6IjBhNzM4MTQifQ%3D%3D\" href='https:\/\/www.finest-vanilla.com\/fr\/wp-content\/uploads\/2025\/11\/vanille6.jpeg'><img decoding=\"async\" width=\"600\" height=\"353\" src=\"https:\/\/www.finest-vanilla.com\/fr\/wp-content\/uploads\/2025\/11\/vanille6.jpeg\" class=\"attachment-full size-full\" alt=\"\" srcset=\"https:\/\/www.finest-vanilla.com\/fr\/wp-content\/uploads\/2025\/11\/vanille6.jpeg 600w, https:\/\/www.finest-vanilla.com\/fr\/wp-content\/uploads\/2025\/11\/vanille6-300x177.jpeg 300w\" sizes=\"(max-width: 600px) 100vw, 600px\" \/><\/a>\n\t\t\t<\/div><\/figure>\n\t\t<\/div>\n\t\t<\/div>\n\t\t\t\t\t\t<\/div>\n\t\t\t\t\t<\/div>\n\t\t<\/div>\n\t\t\t\t<div class=\"elementor-column elementor-col-50 elementor-inner-column elementor-element elementor-element-cadca33\" data-id=\"cadca33\" data-element_type=\"column\">\n\t\t\t<div class=\"elementor-widget-wrap elementor-element-populated\">\n\t\t\t\t\t\t<div class=\"elementor-element elementor-element-d14a842 gallery-spacing-custom elementor-widget elementor-widget-image-gallery\" data-id=\"d14a842\" data-element_type=\"widget\" data-widget_type=\"image-gallery.default\">\n\t\t\t\t\t\t\t<div class=\"elementor-image-gallery\">\n\t\t\t<div id='gallery-2' class='gallery galleryid-7376 gallery-columns-2 gallery-size-full'><figure class='gallery-item'>\n\t\t\t<div class='gallery-icon landscape'>\n\t\t\t\t<a data-elementor-open-lightbox=\"yes\" data-elementor-lightbox-slideshow=\"d14a842\" data-elementor-lightbox-title=\"vanille5\" data-e-action-hash=\"#elementor-action%3Aaction%3Dlightbox%26settings%3DeyJpZCI6Njk2MywidXJsIjoiaHR0cHM6XC9cL3d3dy5maW5lc3QtdmFuaWxsYS5jb21cL2ZyXC93cC1jb250ZW50XC91cGxvYWRzXC8yMDI1XC8xMVwvdmFuaWxsZTUud2VicCIsInNsaWRlc2hvdyI6ImQxNGE4NDIifQ%3D%3D\" href='https:\/\/www.finest-vanilla.com\/fr\/wp-content\/uploads\/2025\/11\/vanille5.webp'><img decoding=\"async\" width=\"600\" height=\"350\" src=\"https:\/\/www.finest-vanilla.com\/fr\/wp-content\/uploads\/2025\/11\/vanille5.webp\" class=\"attachment-full size-full\" alt=\"\" srcset=\"https:\/\/www.finest-vanilla.com\/fr\/wp-content\/uploads\/2025\/11\/vanille5.webp 600w, https:\/\/www.finest-vanilla.com\/fr\/wp-content\/uploads\/2025\/11\/vanille5-300x175.webp 300w\" sizes=\"(max-width: 600px) 100vw, 600px\" \/><\/a>\n\t\t\t<\/div><\/figure><figure class='gallery-item'>\n\t\t\t<div class='gallery-icon landscape'>\n\t\t\t\t<a data-elementor-open-lightbox=\"yes\" data-elementor-lightbox-slideshow=\"d14a842\" data-elementor-lightbox-title=\"vanille1\" data-e-action-hash=\"#elementor-action%3Aaction%3Dlightbox%26settings%3DeyJpZCI6Njk2NCwidXJsIjoiaHR0cHM6XC9cL3d3dy5maW5lc3QtdmFuaWxsYS5jb21cL2ZyXC93cC1jb250ZW50XC91cGxvYWRzXC8yMDI1XC8xMVwvdmFuaWxsZTEud2VicCIsInNsaWRlc2hvdyI6ImQxNGE4NDIifQ%3D%3D\" href='https:\/\/www.finest-vanilla.com\/fr\/wp-content\/uploads\/2025\/11\/vanille1.webp'><img loading=\"lazy\" decoding=\"async\" width=\"600\" height=\"350\" src=\"https:\/\/www.finest-vanilla.com\/fr\/wp-content\/uploads\/2025\/11\/vanille1.webp\" class=\"attachment-full size-full\" alt=\"\" srcset=\"https:\/\/www.finest-vanilla.com\/fr\/wp-content\/uploads\/2025\/11\/vanille1.webp 600w, https:\/\/www.finest-vanilla.com\/fr\/wp-content\/uploads\/2025\/11\/vanille1-300x175.webp 300w\" sizes=\"(max-width: 600px) 100vw, 600px\" \/><\/a>\n\t\t\t<\/div><\/figure><figure class='gallery-item'>\n\t\t\t<div class='gallery-icon landscape'>\n\t\t\t\t<a data-elementor-open-lightbox=\"yes\" data-elementor-lightbox-slideshow=\"d14a842\" data-elementor-lightbox-title=\"vanille2\" data-e-action-hash=\"#elementor-action%3Aaction%3Dlightbox%26settings%3DeyJpZCI6Njk2NSwidXJsIjoiaHR0cHM6XC9cL3d3dy5maW5lc3QtdmFuaWxsYS5jb21cL2ZyXC93cC1jb250ZW50XC91cGxvYWRzXC8yMDI1XC8xMVwvdmFuaWxsZTIud2VicCIsInNsaWRlc2hvdyI6ImQxNGE4NDIifQ%3D%3D\" href='https:\/\/www.finest-vanilla.com\/fr\/wp-content\/uploads\/2025\/11\/vanille2.webp'><img loading=\"lazy\" decoding=\"async\" width=\"600\" height=\"350\" src=\"https:\/\/www.finest-vanilla.com\/fr\/wp-content\/uploads\/2025\/11\/vanille2.webp\" class=\"attachment-full size-full\" alt=\"\" srcset=\"https:\/\/www.finest-vanilla.com\/fr\/wp-content\/uploads\/2025\/11\/vanille2.webp 600w, https:\/\/www.finest-vanilla.com\/fr\/wp-content\/uploads\/2025\/11\/vanille2-300x175.webp 300w\" sizes=\"(max-width: 600px) 100vw, 600px\" \/><\/a>\n\t\t\t<\/div><\/figure><figure class='gallery-item'>\n\t\t\t<div class='gallery-icon landscape'>\n\t\t\t\t<a data-elementor-open-lightbox=\"yes\" data-elementor-lightbox-slideshow=\"d14a842\" data-elementor-lightbox-title=\"vanille3\" data-e-action-hash=\"#elementor-action%3Aaction%3Dlightbox%26settings%3DeyJpZCI6Njk2NiwidXJsIjoiaHR0cHM6XC9cL3d3dy5maW5lc3QtdmFuaWxsYS5jb21cL2ZyXC93cC1jb250ZW50XC91cGxvYWRzXC8yMDI1XC8xMVwvdmFuaWxsZTMud2VicCIsInNsaWRlc2hvdyI6ImQxNGE4NDIifQ%3D%3D\" href='https:\/\/www.finest-vanilla.com\/fr\/wp-content\/uploads\/2025\/11\/vanille3.webp'><img loading=\"lazy\" decoding=\"async\" width=\"600\" height=\"350\" src=\"https:\/\/www.finest-vanilla.com\/fr\/wp-content\/uploads\/2025\/11\/vanille3.webp\" class=\"attachment-full size-full\" alt=\"\" srcset=\"https:\/\/www.finest-vanilla.com\/fr\/wp-content\/uploads\/2025\/11\/vanille3.webp 600w, https:\/\/www.finest-vanilla.com\/fr\/wp-content\/uploads\/2025\/11\/vanille3-300x175.webp 300w\" sizes=\"(max-width: 600px) 100vw, 600px\" \/><\/a>\n\t\t\t<\/div><\/figure>\n\t\t<\/div>\n\t\t<\/div>\n\t\t\t\t\t\t<\/div>\n\t\t\t\t\t<\/div>\n\t\t<\/div>\n\t\t\t\t\t<\/div>\n\t\t<\/section>\n\t\t\t\t<section class=\"elementor-section elementor-inner-section elementor-element elementor-element-d17eff0 elementor-section-boxed elementor-section-height-default elementor-section-height-default\" data-id=\"d17eff0\" data-element_type=\"section\" data-settings=\"{&quot;_ha_eqh_enable&quot;:false}\">\n\t\t\t\t\t\t<div class=\"elementor-container elementor-column-gap-no\">\n\t\t\t\t\t<div class=\"elementor-column elementor-col-100 elementor-inner-column elementor-element elementor-element-2df2a34\" data-id=\"2df2a34\" data-element_type=\"column\">\n\t\t\t<div class=\"elementor-widget-wrap elementor-element-populated\">\n\t\t\t\t\t\t<div class=\"elementor-element elementor-element-8a1c7bc elementor-widget elementor-widget-text-editor\" data-id=\"8a1c7bc\" data-element_type=\"widget\" data-widget_type=\"text-editor.default\">\n\t\t\t\t\t\t\t\t\t<p>La vanille est depuis longtemps l\u2019un des tr\u00e9sors les plus pris\u00e9s du monde culinaire, et la vari\u00e9t\u00e9 rouge de Madagascar est sans aucun doute l\u2019une des plus exquises. Originaire de cette \u00eele paradisiaque de l\u2019oc\u00e9an Indien, la vanille rouge s\u00e9duit les sens avec son ar\u00f4me profond et sa saveur riche. Dans cet article, nous plongerons dans l\u2019univers fascinant de cette \u00e9pice pr\u00e9cieuse, explorant son histoire, sa culture et ses applications culinaires.<\/p><h2 class=\"wp-block-heading\">Histoire et origines:<\/h2><p>La vanille rouge de Madagascar tire ses origines des orchid\u00e9es du genre Vanilla, qui sont originaires des r\u00e9gions tropicales d\u2019Am\u00e9rique centrale et du Sud. Au 19e si\u00e8cle, la vanille a \u00e9t\u00e9 introduite \u00e0 Madagascar, o\u00f9 elle a trouv\u00e9 des conditions id\u00e9ales pour prosp\u00e9rer. Aujourd\u2019hui, Madagascar est le premier producteur mondial de vanille, avec la vari\u00e9t\u00e9 rouge repr\u00e9sentant une petite mais pr\u00e9cieuse part de sa production.<\/p><h2 class=\"wp-block-heading\">Caract\u00e9ristiques distinctives:<\/h2><p>Ce qui distingue la vanille rouge de Madagascar des autres vari\u00e9t\u00e9s, c\u2019est sa couleur unique et son profil de saveur distinctif. Contrairement \u00e0 la vanille traditionnelle, qui est g\u00e9n\u00e9ralement brune ou noire, la vanille rouge se distingue par ses gousses d\u2019un rouge profond, presque bourgogne. Cette couleur vibrante est le r\u00e9sultat d\u2019un processus de maturation prolong\u00e9, qui conf\u00e8re \u00e0 la vanille rouge une saveur intense et complexe, avec des notes sucr\u00e9es et florales qui \u00e9voquent des nuances de fruits m\u00fbrs et de caramel.<\/p><h2 class=\"wp-block-heading\">Cultivation et r\u00e9colte:<\/h2><p>La culture de la vanille rouge de Madagascar est un processus m\u00e9ticuleux qui exige patience et expertise. Les orchid\u00e9es de vanille sont cultiv\u00e9es dans des conditions sp\u00e9cifiques, souvent \u00e0 l\u2019ombre des arbres dans des climats tropicaux. Les fleurs de vanille doivent \u00eatre pollinis\u00e9es \u00e0 la main, un processus d\u00e9licat qui n\u00e9cessite une attention minutieuse. Une fois f\u00e9cond\u00e9es, les fleurs se transforment en gousses de vanille, qui sont r\u00e9colt\u00e9es \u00e0 la main et soumises \u00e0 un processus de s\u00e9chage et de maturation minutieux pour d\u00e9velopper leur saveur distinctive.<\/p><h2 class=\"wp-block-heading\">Applications culinaires:<\/h2><p>La vanille rouge de Madagascar est un ingr\u00e9dient pr\u00e9cieux dans de nombreuses cuisines du monde entier. Son ar\u00f4me riche et complexe en fait un ajout exquis aux desserts, aux p\u00e2tisseries et aux boissons. Des chefs renomm\u00e9s aux p\u00e2tissiers amateurs, la vanille rouge est utilis\u00e9e pour rehausser le go\u00fbt de cr\u00e8mes glac\u00e9es, de cr\u00e8mes br\u00fbl\u00e9es, de g\u00e2teaux et bien plus encore. Son parfum envo\u00fbtant ajoute une touche de luxe \u00e0 n\u2019importe quelle cr\u00e9ation culinaire.<\/p><h2 class=\"wp-block-heading\">Valorisation et conservation:<\/h2><p>En raison de sa raret\u00e9 et de sa qualit\u00e9 exceptionnelle, la vanille rouge de Madagascar est hautement valoris\u00e9e sur le march\u00e9 mondial. Les gousses de vanille rouge de haute qualit\u00e9 peuvent \u00eatre assez ch\u00e8res, mais leur saveur incomparable en vaut largement la peine. Pour conserver la vanille rouge dans toute sa splendeur, il est recommand\u00e9 de la stocker dans un endroit frais et sec, \u00e0 l\u2019abri de la lumi\u00e8re directe du soleil. Correctement entretenues, les gousses de vanille rouge peuvent conserver leur saveur et leur ar\u00f4me pendant des mois, voire des ann\u00e9es.<\/p><p>La vanille rouge de Madagascar est bien plus qu\u2019une simple \u00e9pice \u2013 c\u2019est un tr\u00e9sor culinaire qui enchante les sens et ravit les papilles. Avec son ar\u00f4me profond, sa saveur riche et sa couleur vibrante, la vanille rouge est une v\u00e9ritable invitation \u00e0 un voyage gustatif exquis. Que ce soit pour parfumer une cr\u00e8me glac\u00e9e artisanale ou pour sublimer un dessert sophistiqu\u00e9, la vanille rouge de Madagascar m\u00e9rite vraiment d\u2019\u00eatre explor\u00e9e et appr\u00e9ci\u00e9e \u00e0 sa juste valeur.<\/p>\t\t\t\t\t\t\t\t<\/div>\n\t\t\t\t\t<\/div>\n\t\t<\/div>\n\t\t\t\t\t<\/div>\n\t\t<\/section>\n\t\t\t\t\t<\/div>\n\t\t<\/div>\n\t\t\t\t\t<\/div>\n\t\t<\/section>\n\t\t\t\t<\/div>\n\t\t","protected":false},"excerpt":{"rendered":"<p>Finest Vanilla Vanille rouge de Madagascar Vanille rouge de Madagascar : un tr\u00e9sor rare \u00e0 explorer D\u00e9couvrez la vanille rouge de Madagascar, une vari\u00e9t\u00e9 rare et exquise qui captive les sens avec son ar\u00f4me profond et sa saveur riche. Plongez dans l&#8217;univers envo\u00fbtant de cette \u00e9pice pr\u00e9cieuse. La vanille est depuis longtemps l\u2019un des tr\u00e9sors&#8230;<\/p>\n","protected":false},"author":1,"featured_media":7381,"parent":0,"menu_order":0,"comment_status":"closed","ping_status":"closed","template":"template-builder.php","meta":{"footnotes":""},"categories":[1],"tags":[],"class_list":["post-7376","page","type-page","status-publish","has-post-thumbnail","hentry","category-blog-news"],"_links":{"self":[{"href":"https:\/\/www.finest-vanilla.com\/fr\/wp-json\/wp\/v2\/pages\/7376","targetHints":{"allow":["GET"]}}],"collection":[{"href":"https:\/\/www.finest-vanilla.com\/fr\/wp-json\/wp\/v2\/pages"}],"about":[{"href":"https:\/\/www.finest-vanilla.com\/fr\/wp-json\/wp\/v2\/types\/page"}],"author":[{"embeddable":true,"href":"https:\/\/www.finest-vanilla.com\/fr\/wp-json\/wp\/v2\/users\/1"}],"replies":[{"embeddable":true,"href":"https:\/\/www.finest-vanilla.com\/fr\/wp-json\/wp\/v2\/comments?post=7376"}],"version-history":[{"count":14,"href":"https:\/\/www.finest-vanilla.com\/fr\/wp-json\/wp\/v2\/pages\/7376\/revisions"}],"predecessor-version":[{"id":7966,"href":"https:\/\/www.finest-vanilla.com\/fr\/wp-json\/wp\/v2\/pages\/7376\/revisions\/7966"}],"wp:featuredmedia":[{"embeddable":true,"href":"https:\/\/www.finest-vanilla.com\/fr\/wp-json\/wp\/v2\/media\/7381"}],"wp:attachment":[{"href":"https:\/\/www.finest-vanilla.com\/fr\/wp-json\/wp\/v2\/media?parent=7376"}],"wp:term":[{"taxonomy":"category","embeddable":true,"href":"https:\/\/www.finest-vanilla.com\/fr\/wp-json\/wp\/v2\/categories?post=7376"},{"taxonomy":"post_tag","embeddable":true,"href":"https:\/\/www.finest-vanilla.com\/fr\/wp-json\/wp\/v2\/tags?post=7376"}],"curies":[{"name":"wp","href":"https:\/\/api.w.org\/{rel}","templated":true}]}}