{"id":7385,"date":"2025-03-04T05:04:27","date_gmt":"2025-03-04T04:04:27","guid":{"rendered":"https:\/\/www.finest-vanilla.com\/fr\/?page_id=7385"},"modified":"2025-11-29T08:28:03","modified_gmt":"2025-11-29T07:28:03","slug":"les-bienfaits-sante-des-epices","status":"publish","type":"page","link":"https:\/\/www.finest-vanilla.com\/fr\/les-bienfaits-sante-des-epices\/","title":{"rendered":"Les bienfaits sant\u00e9 des \u00e9pices"},"content":{"rendered":"\t\t<div data-elementor-type=\"wp-page\" data-elementor-id=\"7385\" class=\"elementor elementor-7385\" data-elementor-settings=\"{&quot;ha_cmc_init_switcher&quot;:&quot;no&quot;}\" data-elementor-post-type=\"page\">\n\t\t\t\t<div class=\"elementor-element elementor-element-3b1bf0e e-con-full e-flex e-con e-parent\" data-id=\"3b1bf0e\" data-element_type=\"container\" data-settings=\"{&quot;_ha_eqh_enable&quot;:false}\">\n\t\t\t\t<div class=\"elementor-element elementor-element-f500f10 elementor-widget elementor-widget-image\" data-id=\"f500f10\" data-element_type=\"widget\" data-widget_type=\"image.default\">\n\t\t\t\t\t\t\t\t\t\t\t\t\t\t\t<img fetchpriority=\"high\" decoding=\"async\" width=\"1920\" height=\"500\" src=\"https:\/\/www.finest-vanilla.com\/fr\/wp-content\/uploads\/2025\/11\/banner1.jpg\" class=\"attachment-full size-full wp-image-6555\" alt=\"\" \/>\t\t\t\t\t\t\t\t\t\t\t\t\t\t\t<\/div>\n\t\t\t\t<\/div>\n\t\t\t\t<section class=\"elementor-section elementor-top-section elementor-element elementor-element-ab0c826 elementor-section-full_width elementor-section-height-default elementor-section-height-default\" data-id=\"ab0c826\" data-element_type=\"section\" data-settings=\"{&quot;_ha_eqh_enable&quot;:false}\">\n\t\t\t\t\t\t<div class=\"elementor-container elementor-column-gap-no\">\n\t\t\t\t\t<div class=\"elementor-column elementor-col-100 elementor-top-column elementor-element elementor-element-c458734\" data-id=\"c458734\" data-element_type=\"column\">\n\t\t\t<div class=\"elementor-widget-wrap elementor-element-populated\">\n\t\t\t\t\t\t<section class=\"elementor-section elementor-inner-section elementor-element elementor-element-5a34c25 elementor-section-boxed elementor-section-height-default elementor-section-height-default\" data-id=\"5a34c25\" data-element_type=\"section\" data-settings=\"{&quot;_ha_eqh_enable&quot;:false}\">\n\t\t\t\t\t\t<div class=\"elementor-container elementor-column-gap-no\">\n\t\t\t\t\t<div class=\"elementor-column elementor-col-100 elementor-inner-column elementor-element elementor-element-e4d236f\" data-id=\"e4d236f\" data-element_type=\"column\">\n\t\t\t<div class=\"elementor-widget-wrap elementor-element-populated\">\n\t\t\t\t\t\t<div class=\"elementor-element elementor-element-4d08cd6 elementor-widget elementor-widget-wellnezsectiontitle\" data-id=\"4d08cd6\" data-element_type=\"widget\" data-widget_type=\"wellnezsectiontitle.default\">\n\t\t\t\t<div class=\"elementor-widget-container\">\n\t\t\t\t\t<!-- Section Title --><div class=\"title-area\" ><span class=\"sec-subtitle\">Finest Vanilla<\/span><h2 class=\"sec-title3 title-selector h1\">Les bienfaits sant\u00e9 des \u00e9pices malgaches \n<\/h2><p class=\"desc\">Les bienfaits sant\u00e9 des \u00e9pices malgaches : d\u00e9couvrez leurs propri\u00e9t\u00e9s et leurs utilisations m\u00e9dicinales\nD\u00e9couvrez les tr\u00e9sors cach\u00e9s des \u00e9pices malgaches et comment elles peuvent am\u00e9liorer votre sant\u00e9 gr\u00e2ce \u00e0 leurs propri\u00e9t\u00e9s uniques. Explorez leurs utilisations m\u00e9dicinales traditionnelles et contemporaines.<\/p><div class=\"section-title-image\"><img decoding=\"async\" src=\"https:\/\/wordpress.vecurosoft.com\/wellnez\/wp-content\/uploads\/2023\/03\/sec-shape-1.png\" alt=\"sec shape 1\"  \/><\/div><\/div><!-- End Section Title -->\t\t\t\t<\/div>\n\t\t\t\t<\/div>\n\t\t\t\t\t<\/div>\n\t\t<\/div>\n\t\t\t\t\t<\/div>\n\t\t<\/section>\n\t\t\t\t<section class=\"elementor-section elementor-inner-section elementor-element elementor-element-0cd7c0e elementor-section-boxed elementor-section-height-default elementor-section-height-default\" data-id=\"0cd7c0e\" data-element_type=\"section\" data-settings=\"{&quot;_ha_eqh_enable&quot;:false}\">\n\t\t\t\t\t\t<div class=\"elementor-container elementor-column-gap-no\">\n\t\t\t\t\t<div class=\"elementor-column elementor-col-50 elementor-inner-column elementor-element elementor-element-b0377be\" data-id=\"b0377be\" data-element_type=\"column\">\n\t\t\t<div class=\"elementor-widget-wrap elementor-element-populated\">\n\t\t\t\t\t\t<div class=\"elementor-element elementor-element-6dfb65a elementor-widget elementor-widget-image-gallery\" data-id=\"6dfb65a\" data-element_type=\"widget\" data-widget_type=\"image-gallery.default\">\n\t\t\t\t\t\t\t<div class=\"elementor-image-gallery\">\n\t\t\t\n<a data-elementor-open-lightbox=\"yes\" data-elementor-lightbox-slideshow=\"6dfb65a\" data-elementor-lightbox-title=\"vanille6\" data-e-action-hash=\"#elementor-action%3Aaction%3Dlightbox%26settings%3DeyJpZCI6Njk4MiwidXJsIjoiaHR0cHM6XC9cL3d3dy5maW5lc3QtdmFuaWxsYS5jb21cL2ZyXC93cC1jb250ZW50XC91cGxvYWRzXC8yMDI1XC8xMVwvdmFuaWxsZTYuanBlZyIsInNsaWRlc2hvdyI6IjZkZmI2NWEifQ%3D%3D\" href='https:\/\/www.finest-vanilla.com\/fr\/wp-content\/uploads\/2025\/11\/vanille6.jpeg'><img decoding=\"async\" width=\"600\" height=\"353\" src=\"https:\/\/www.finest-vanilla.com\/fr\/wp-content\/uploads\/2025\/11\/vanille6.jpeg\" class=\"attachment-full size-full\" alt=\"\" srcset=\"https:\/\/www.finest-vanilla.com\/fr\/wp-content\/uploads\/2025\/11\/vanille6.jpeg 600w, https:\/\/www.finest-vanilla.com\/fr\/wp-content\/uploads\/2025\/11\/vanille6-300x177.jpeg 300w\" sizes=\"(max-width: 600px) 100vw, 600px\" \/><\/a>\n\t\t<\/div>\n\t\t\t\t\t\t<\/div>\n\t\t\t\t\t<\/div>\n\t\t<\/div>\n\t\t\t\t<div class=\"elementor-column elementor-col-50 elementor-inner-column elementor-element elementor-element-d9e4960\" data-id=\"d9e4960\" data-element_type=\"column\">\n\t\t\t<div class=\"elementor-widget-wrap elementor-element-populated\">\n\t\t\t\t\t\t<div class=\"elementor-element elementor-element-44b6f9e gallery-spacing-custom elementor-widget elementor-widget-image-gallery\" data-id=\"44b6f9e\" data-element_type=\"widget\" data-widget_type=\"image-gallery.default\">\n\t\t\t\t\t\t\t<div class=\"elementor-image-gallery\">\n\t\t\t\n<a data-elementor-open-lightbox=\"yes\" data-elementor-lightbox-slideshow=\"44b6f9e\" data-elementor-lightbox-title=\"vanille5\" data-e-action-hash=\"#elementor-action%3Aaction%3Dlightbox%26settings%3DeyJpZCI6Njk2MywidXJsIjoiaHR0cHM6XC9cL3d3dy5maW5lc3QtdmFuaWxsYS5jb21cL2ZyXC93cC1jb250ZW50XC91cGxvYWRzXC8yMDI1XC8xMVwvdmFuaWxsZTUud2VicCIsInNsaWRlc2hvdyI6IjQ0YjZmOWUifQ%3D%3D\" href='https:\/\/www.finest-vanilla.com\/fr\/wp-content\/uploads\/2025\/11\/vanille5.webp'><img decoding=\"async\" width=\"600\" height=\"350\" src=\"https:\/\/www.finest-vanilla.com\/fr\/wp-content\/uploads\/2025\/11\/vanille5.webp\" class=\"attachment-full size-full\" alt=\"\" srcset=\"https:\/\/www.finest-vanilla.com\/fr\/wp-content\/uploads\/2025\/11\/vanille5.webp 600w, https:\/\/www.finest-vanilla.com\/fr\/wp-content\/uploads\/2025\/11\/vanille5-300x175.webp 300w\" sizes=\"(max-width: 600px) 100vw, 600px\" \/><\/a>\n<a data-elementor-open-lightbox=\"yes\" data-elementor-lightbox-slideshow=\"44b6f9e\" data-elementor-lightbox-title=\"vanille1\" data-e-action-hash=\"#elementor-action%3Aaction%3Dlightbox%26settings%3DeyJpZCI6Njk2NCwidXJsIjoiaHR0cHM6XC9cL3d3dy5maW5lc3QtdmFuaWxsYS5jb21cL2ZyXC93cC1jb250ZW50XC91cGxvYWRzXC8yMDI1XC8xMVwvdmFuaWxsZTEud2VicCIsInNsaWRlc2hvdyI6IjQ0YjZmOWUifQ%3D%3D\" href='https:\/\/www.finest-vanilla.com\/fr\/wp-content\/uploads\/2025\/11\/vanille1.webp'><img loading=\"lazy\" decoding=\"async\" width=\"600\" height=\"350\" src=\"https:\/\/www.finest-vanilla.com\/fr\/wp-content\/uploads\/2025\/11\/vanille1.webp\" class=\"attachment-full size-full\" alt=\"\" srcset=\"https:\/\/www.finest-vanilla.com\/fr\/wp-content\/uploads\/2025\/11\/vanille1.webp 600w, https:\/\/www.finest-vanilla.com\/fr\/wp-content\/uploads\/2025\/11\/vanille1-300x175.webp 300w\" sizes=\"(max-width: 600px) 100vw, 600px\" \/><\/a>\n<a data-elementor-open-lightbox=\"yes\" data-elementor-lightbox-slideshow=\"44b6f9e\" data-elementor-lightbox-title=\"vanille2\" data-e-action-hash=\"#elementor-action%3Aaction%3Dlightbox%26settings%3DeyJpZCI6Njk2NSwidXJsIjoiaHR0cHM6XC9cL3d3dy5maW5lc3QtdmFuaWxsYS5jb21cL2ZyXC93cC1jb250ZW50XC91cGxvYWRzXC8yMDI1XC8xMVwvdmFuaWxsZTIud2VicCIsInNsaWRlc2hvdyI6IjQ0YjZmOWUifQ%3D%3D\" href='https:\/\/www.finest-vanilla.com\/fr\/wp-content\/uploads\/2025\/11\/vanille2.webp'><img loading=\"lazy\" decoding=\"async\" width=\"600\" height=\"350\" src=\"https:\/\/www.finest-vanilla.com\/fr\/wp-content\/uploads\/2025\/11\/vanille2.webp\" class=\"attachment-full size-full\" alt=\"\" srcset=\"https:\/\/www.finest-vanilla.com\/fr\/wp-content\/uploads\/2025\/11\/vanille2.webp 600w, https:\/\/www.finest-vanilla.com\/fr\/wp-content\/uploads\/2025\/11\/vanille2-300x175.webp 300w\" sizes=\"(max-width: 600px) 100vw, 600px\" \/><\/a>\n<a data-elementor-open-lightbox=\"yes\" data-elementor-lightbox-slideshow=\"44b6f9e\" data-elementor-lightbox-title=\"vanille3\" data-e-action-hash=\"#elementor-action%3Aaction%3Dlightbox%26settings%3DeyJpZCI6Njk2NiwidXJsIjoiaHR0cHM6XC9cL3d3dy5maW5lc3QtdmFuaWxsYS5jb21cL2ZyXC93cC1jb250ZW50XC91cGxvYWRzXC8yMDI1XC8xMVwvdmFuaWxsZTMud2VicCIsInNsaWRlc2hvdyI6IjQ0YjZmOWUifQ%3D%3D\" href='https:\/\/www.finest-vanilla.com\/fr\/wp-content\/uploads\/2025\/11\/vanille3.webp'><img loading=\"lazy\" decoding=\"async\" width=\"600\" height=\"350\" src=\"https:\/\/www.finest-vanilla.com\/fr\/wp-content\/uploads\/2025\/11\/vanille3.webp\" class=\"attachment-full size-full\" alt=\"\" srcset=\"https:\/\/www.finest-vanilla.com\/fr\/wp-content\/uploads\/2025\/11\/vanille3.webp 600w, https:\/\/www.finest-vanilla.com\/fr\/wp-content\/uploads\/2025\/11\/vanille3-300x175.webp 300w\" sizes=\"(max-width: 600px) 100vw, 600px\" \/><\/a>\n\t\t<\/div>\n\t\t\t\t\t\t<\/div>\n\t\t\t\t\t<\/div>\n\t\t<\/div>\n\t\t\t\t\t<\/div>\n\t\t<\/section>\n\t\t\t\t<section class=\"elementor-section elementor-inner-section elementor-element elementor-element-d17eff0 elementor-section-boxed elementor-section-height-default elementor-section-height-default\" data-id=\"d17eff0\" data-element_type=\"section\" data-settings=\"{&quot;_ha_eqh_enable&quot;:false}\">\n\t\t\t\t\t\t<div class=\"elementor-container elementor-column-gap-no\">\n\t\t\t\t\t<div class=\"elementor-column elementor-col-100 elementor-inner-column elementor-element elementor-element-2df2a34\" data-id=\"2df2a34\" data-element_type=\"column\">\n\t\t\t<div class=\"elementor-widget-wrap elementor-element-populated\">\n\t\t\t\t\t\t<div class=\"elementor-element elementor-element-8a1c7bc elementor-widget elementor-widget-text-editor\" data-id=\"8a1c7bc\" data-element_type=\"widget\" data-widget_type=\"text-editor.default\">\n\t\t\t\t\t\t\t\t\t<p>Les \u00e9pices ont jou\u00e9 un r\u00f4le vital dans la m\u00e9decine traditionnelle et la cuisine \u00e0 travers les \u00e2ges. Madagascar, avec sa biodiversit\u00e9 riche et unique, abrite une multitude d\u2019\u00e9pices aux propri\u00e9t\u00e9s m\u00e9dicinales remarquables. Dans cet article, nous explorerons les bienfaits pour la sant\u00e9 des \u00e9pices malgaches et leurs utilisations m\u00e9dicinales.<\/p><h2 class=\"wp-block-heading\">Les \u00e9pices malgaches : un tr\u00e9sor de bienfaits sant\u00e9<\/h2><p><em><strong>Poivre de Madagascar (Piper nigrum)<\/strong><\/em><\/p><p>Le poivre de Madagascar est reconnu pour ses propri\u00e9t\u00e9s anti-inflammatoires et digestives. Il est souvent utilis\u00e9 pour soulager les troubles gastro-intestinaux tels que les ballonnements et les crampes abdominales.<\/p><p><em><strong>Cannelle de Madagascar (Cinnamomum verum)<\/strong><\/em><\/p><p>La cannelle de Madagascar est appr\u00e9ci\u00e9e pour ses effets antioxydants et anti-inflammatoires. Elle est utilis\u00e9e pour r\u00e9guler la glyc\u00e9mie, am\u00e9liorer la digestion et renforcer le syst\u00e8me immunitaire.<\/p><p><em><strong>Gingembre de Madagascar (Zingiber officinale)<\/strong><\/em><\/p><p>Le gingembre de Madagascar est c\u00e9l\u00e8bre pour ses propri\u00e9t\u00e9s anti-naus\u00e9euses et anti-inflammatoires. Il est couramment utilis\u00e9 pour soulager les naus\u00e9es, les maux de t\u00eate et les douleurs articulaires.<\/p><h2 class=\"wp-block-heading\">Utilisations m\u00e9dicinales traditionnelles<\/h2><p><em><strong>Traitement des troubles digestifs<\/strong><\/em><\/p><p>Les \u00e9pices malgaches sont souvent utilis\u00e9es pour traiter les troubles digestifs tels que les br\u00fblures d\u2019estomac, les flatulences et les diarrh\u00e9es. Le poivre, la cannelle et le gingembre sont particuli\u00e8rement efficaces dans ce domaine.<\/p><p><em><strong>Renforcement du syst\u00e8me immunitaire<\/strong><\/em><\/p><p>De nombreuses \u00e9pices malgaches poss\u00e8dent des propri\u00e9t\u00e9s immunostimulantes qui aident \u00e0 renforcer le syst\u00e8me immunitaire. L\u2019utilisation r\u00e9guli\u00e8re de ces \u00e9pices peut aider \u00e0 pr\u00e9venir les infections et \u00e0 soutenir la sant\u00e9 globale.<\/p><p><em><strong>Gestion de la douleur<\/strong><\/em><\/p><p>Certaines \u00e9pices malgaches, comme le clou de girofle et la muscade, ont des propri\u00e9t\u00e9s analg\u00e9siques et anti-inflammatoires. Elles sont utilis\u00e9es pour soulager les douleurs articulaires, les maux de t\u00eate et les douleurs menstruelles.<\/p><h2 class=\"wp-block-heading\">Utilisations contemporaines en m\u00e9decine alternative<\/h2><p><em><strong>Suppl\u00e9mentation nutritionnelle<\/strong><\/em><\/p><p>Les \u00e9pices malgaches sont de plus en plus utilis\u00e9es comme suppl\u00e9ments nutritionnels en raison de leur forte teneur en antioxydants, vitamines et min\u00e9raux essentiels. Elles sont souvent int\u00e9gr\u00e9es dans des smoothies, des infusions ou des capsules.<\/p><p><em><strong>Compl\u00e9ments de traitement<\/strong><\/em><\/p><p>Certaines \u00e9tudes sugg\u00e8rent que les \u00e9pices malgaches pourraient \u00eatre b\u00e9n\u00e9fiques en compl\u00e9ment de certains traitements m\u00e9dicaux. Par exemple, le curcuma de Madagascar pourrait potentialiser les effets des m\u00e9dicaments anti-inflammatoires.<\/p><p><em><strong>Utilisation en aromath\u00e9rapie<\/strong><\/em><\/p><p>Les huiles essentielles d\u00e9riv\u00e9es des \u00e9pices malgaches sont utilis\u00e9es en aromath\u00e9rapie pour leurs effets calmants, revitalisants et analg\u00e9siques. Elles sont souvent utilis\u00e9es dans les massages et les bains pour favoriser la d\u00e9tente et soulager les tensions musculaires.<\/p><h2 class=\"wp-block-heading\">Bien g\u00e9rer les casses<\/h2><p>Dans la gestion des \u00e9pices malgaches, il est crucial de prendre en compte leur qualit\u00e9, leur fra\u00eecheur et leur mode de pr\u00e9paration. Voici quelques conseils pour bien g\u00e9rer les casses :<\/p><p><em><strong>Stockage appropri\u00e9<\/strong><\/em><\/p><p>Conservez vos \u00e9pices malgaches dans des contenants herm\u00e9tiques, \u00e0 l\u2019abri de la lumi\u00e8re directe du soleil et de l\u2019humidit\u00e9. Cela garantira leur fra\u00eecheur et prolongera leur dur\u00e9e de conservation.<\/p><p><em><strong>Utilisation mod\u00e9r\u00e9e<\/strong><\/em><\/p><p>Bien que les \u00e9pices malgaches offrent de nombreux bienfaits pour la sant\u00e9, il est essentiel de les utiliser avec mod\u00e9ration. Des quantit\u00e9s excessives peuvent entra\u00eener des effets ind\u00e9sirables tels que des br\u00fblures d\u2019estomac ou des r\u00e9actions allergiques.<\/p><p><em><strong>Pr\u00e9paration appropri\u00e9e<\/strong><\/em><\/p><p>Certaines \u00e9pices malgaches n\u00e9cessitent une pr\u00e9paration sp\u00e9cifique pour lib\u00e9rer pleinement leurs propri\u00e9t\u00e9s m\u00e9dicinales. Par exemple, le curcuma est plus bio-disponible lorsqu\u2019il est associ\u00e9 \u00e0 du poivre noir.<\/p><p>Les \u00e9pices malgaches offrent une gamme diversifi\u00e9e de bienfaits pour la sant\u00e9, allant de la gestion des troubles digestifs \u00e0 la stimulation du syst\u00e8me immunitaire. Leur utilisation traditionnelle et contemporaine en m\u00e9decine alternative en fait des alli\u00e9es pr\u00e9cieuses pour une sant\u00e9 optimale. En les int\u00e9grant judicieusement dans votre alimentation et vos rituels de bien-\u00eatre, vous pouvez profiter pleinement de leurs propri\u00e9t\u00e9s m\u00e9dicinales exceptionnelles.<\/p>\t\t\t\t\t\t\t\t<\/div>\n\t\t\t\t\t<\/div>\n\t\t<\/div>\n\t\t\t\t\t<\/div>\n\t\t<\/section>\n\t\t\t\t\t<\/div>\n\t\t<\/div>\n\t\t\t\t\t<\/div>\n\t\t<\/section>\n\t\t\t\t<\/div>\n\t\t","protected":false},"excerpt":{"rendered":"<p>Finest Vanilla Les bienfaits sant\u00e9 des \u00e9pices malgaches Les bienfaits sant\u00e9 des \u00e9pices malgaches : d\u00e9couvrez leurs propri\u00e9t\u00e9s et leurs utilisations m\u00e9dicinales D\u00e9couvrez les tr\u00e9sors cach\u00e9s des \u00e9pices malgaches et comment elles peuvent am\u00e9liorer votre sant\u00e9 gr\u00e2ce \u00e0 leurs propri\u00e9t\u00e9s uniques. Explorez leurs utilisations m\u00e9dicinales traditionnelles et contemporaines. Les \u00e9pices ont jou\u00e9 un r\u00f4le vital&#8230;<\/p>\n","protected":false},"author":1,"featured_media":7396,"parent":0,"menu_order":0,"comment_status":"closed","ping_status":"closed","template":"template-builder.php","meta":{"footnotes":""},"categories":[1],"tags":[],"class_list":["post-7385","page","type-page","status-publish","has-post-thumbnail","hentry","category-blog-news"],"_links":{"self":[{"href":"https:\/\/www.finest-vanilla.com\/fr\/wp-json\/wp\/v2\/pages\/7385","targetHints":{"allow":["GET"]}}],"collection":[{"href":"https:\/\/www.finest-vanilla.com\/fr\/wp-json\/wp\/v2\/pages"}],"about":[{"href":"https:\/\/www.finest-vanilla.com\/fr\/wp-json\/wp\/v2\/types\/page"}],"author":[{"embeddable":true,"href":"https:\/\/www.finest-vanilla.com\/fr\/wp-json\/wp\/v2\/users\/1"}],"replies":[{"embeddable":true,"href":"https:\/\/www.finest-vanilla.com\/fr\/wp-json\/wp\/v2\/comments?post=7385"}],"version-history":[{"count":20,"href":"https:\/\/www.finest-vanilla.com\/fr\/wp-json\/wp\/v2\/pages\/7385\/revisions"}],"predecessor-version":[{"id":7951,"href":"https:\/\/www.finest-vanilla.com\/fr\/wp-json\/wp\/v2\/pages\/7385\/revisions\/7951"}],"wp:featuredmedia":[{"embeddable":true,"href":"https:\/\/www.finest-vanilla.com\/fr\/wp-json\/wp\/v2\/media\/7396"}],"wp:attachment":[{"href":"https:\/\/www.finest-vanilla.com\/fr\/wp-json\/wp\/v2\/media?parent=7385"}],"wp:term":[{"taxonomy":"category","embeddable":true,"href":"https:\/\/www.finest-vanilla.com\/fr\/wp-json\/wp\/v2\/categories?post=7385"},{"taxonomy":"post_tag","embeddable":true,"href":"https:\/\/www.finest-vanilla.com\/fr\/wp-json\/wp\/v2\/tags?post=7385"}],"curies":[{"name":"wp","href":"https:\/\/api.w.org\/{rel}","templated":true}]}}