{"id":7413,"date":"2025-06-04T05:20:54","date_gmt":"2025-06-04T03:20:54","guid":{"rendered":"https:\/\/www.finest-vanilla.com\/fr\/?page_id=7413"},"modified":"2025-11-29T08:24:08","modified_gmt":"2025-11-29T07:24:08","slug":"le-commerce-equitable-a-madagascar","status":"publish","type":"page","link":"https:\/\/www.finest-vanilla.com\/fr\/le-commerce-equitable-a-madagascar\/","title":{"rendered":"Le commerce \u00e9quitable \u00e0 Madagascar"},"content":{"rendered":"\t\t<div data-elementor-type=\"wp-page\" data-elementor-id=\"7413\" class=\"elementor elementor-7413\" data-elementor-settings=\"{&quot;ha_cmc_init_switcher&quot;:&quot;no&quot;}\" data-elementor-post-type=\"page\">\n\t\t\t\t<div class=\"elementor-element elementor-element-3b1bf0e e-con-full e-flex e-con e-parent\" data-id=\"3b1bf0e\" data-element_type=\"container\" data-settings=\"{&quot;_ha_eqh_enable&quot;:false}\">\n\t\t\t\t<div class=\"elementor-element elementor-element-f500f10 elementor-widget elementor-widget-image\" data-id=\"f500f10\" data-element_type=\"widget\" data-widget_type=\"image.default\">\n\t\t\t\t\t\t\t\t\t\t\t\t\t\t\t<img fetchpriority=\"high\" decoding=\"async\" width=\"1920\" height=\"500\" src=\"https:\/\/www.finest-vanilla.com\/fr\/wp-content\/uploads\/2025\/11\/banner1.jpg\" class=\"attachment-full size-full wp-image-6555\" alt=\"\" \/>\t\t\t\t\t\t\t\t\t\t\t\t\t\t\t<\/div>\n\t\t\t\t<\/div>\n\t\t\t\t<section class=\"elementor-section elementor-top-section elementor-element elementor-element-ab0c826 elementor-section-full_width elementor-section-height-default elementor-section-height-default\" data-id=\"ab0c826\" data-element_type=\"section\" data-settings=\"{&quot;_ha_eqh_enable&quot;:false}\">\n\t\t\t\t\t\t<div class=\"elementor-container elementor-column-gap-no\">\n\t\t\t\t\t<div class=\"elementor-column elementor-col-100 elementor-top-column elementor-element elementor-element-c458734\" data-id=\"c458734\" data-element_type=\"column\">\n\t\t\t<div class=\"elementor-widget-wrap elementor-element-populated\">\n\t\t\t\t\t\t<section class=\"elementor-section elementor-inner-section elementor-element elementor-element-5a34c25 elementor-section-boxed elementor-section-height-default elementor-section-height-default\" data-id=\"5a34c25\" data-element_type=\"section\" data-settings=\"{&quot;_ha_eqh_enable&quot;:false}\">\n\t\t\t\t\t\t<div class=\"elementor-container elementor-column-gap-no\">\n\t\t\t\t\t<div class=\"elementor-column elementor-col-100 elementor-inner-column elementor-element elementor-element-e4d236f\" data-id=\"e4d236f\" data-element_type=\"column\">\n\t\t\t<div class=\"elementor-widget-wrap elementor-element-populated\">\n\t\t\t\t\t\t<div class=\"elementor-element elementor-element-4d08cd6 elementor-widget elementor-widget-wellnezsectiontitle\" data-id=\"4d08cd6\" data-element_type=\"widget\" data-widget_type=\"wellnezsectiontitle.default\">\n\t\t\t\t<div class=\"elementor-widget-container\">\n\t\t\t\t\t<!-- Section Title --><div class=\"title-area\" ><span class=\"sec-subtitle\">Finest Vanilla<\/span><h2 class=\"sec-title3 title-selector h1\">Le commerce \u00e9quitable \u00e0 Madagascar\n<\/h2><p class=\"desc\">Le commerce \u00e9quitable \u00e0 Madagascar : Comment Notre Entreprise Contribue au D\u00e9veloppement Durable\nD\u00e9couvrez comment notre entreprise s'engage dans le commerce \u00e9quitable \u00e0 Madagascar pour favoriser le d\u00e9veloppement durable de la r\u00e9gion.<\/p><div class=\"section-title-image\"><img decoding=\"async\" src=\"https:\/\/wordpress.vecurosoft.com\/wellnez\/wp-content\/uploads\/2023\/03\/sec-shape-1.png\" alt=\"sec shape 1\"  \/><\/div><\/div><!-- End Section Title -->\t\t\t\t<\/div>\n\t\t\t\t<\/div>\n\t\t\t\t\t<\/div>\n\t\t<\/div>\n\t\t\t\t\t<\/div>\n\t\t<\/section>\n\t\t\t\t<section class=\"elementor-section elementor-inner-section elementor-element elementor-element-919f343 elementor-section-boxed elementor-section-height-default elementor-section-height-default\" data-id=\"919f343\" data-element_type=\"section\" data-settings=\"{&quot;_ha_eqh_enable&quot;:false}\">\n\t\t\t\t\t\t<div class=\"elementor-container elementor-column-gap-no\">\n\t\t\t\t\t<div class=\"elementor-column elementor-col-50 elementor-inner-column elementor-element elementor-element-8896f15\" data-id=\"8896f15\" data-element_type=\"column\">\n\t\t\t<div class=\"elementor-widget-wrap elementor-element-populated\">\n\t\t\t\t\t\t<div class=\"elementor-element elementor-element-deebb57 elementor-widget elementor-widget-image-gallery\" data-id=\"deebb57\" data-element_type=\"widget\" data-widget_type=\"image-gallery.default\">\n\t\t\t\t\t\t\t<div class=\"elementor-image-gallery\">\n\t\t\t<div id='gallery-1' class='gallery galleryid-7413 gallery-columns-1 gallery-size-full'><figure class='gallery-item'>\n\t\t\t<div class='gallery-icon landscape'>\n\t\t\t\t<a data-elementor-open-lightbox=\"yes\" data-elementor-lightbox-slideshow=\"deebb57\" data-elementor-lightbox-title=\"vanille6\" data-e-action-hash=\"#elementor-action%3Aaction%3Dlightbox%26settings%3DeyJpZCI6Njk4MiwidXJsIjoiaHR0cHM6XC9cL3d3dy5maW5lc3QtdmFuaWxsYS5jb21cL2ZyXC93cC1jb250ZW50XC91cGxvYWRzXC8yMDI1XC8xMVwvdmFuaWxsZTYuanBlZyIsInNsaWRlc2hvdyI6ImRlZWJiNTcifQ%3D%3D\" href='https:\/\/www.finest-vanilla.com\/fr\/wp-content\/uploads\/2025\/11\/vanille6.jpeg'><img decoding=\"async\" width=\"600\" height=\"353\" src=\"https:\/\/www.finest-vanilla.com\/fr\/wp-content\/uploads\/2025\/11\/vanille6.jpeg\" class=\"attachment-full size-full\" alt=\"\" srcset=\"https:\/\/www.finest-vanilla.com\/fr\/wp-content\/uploads\/2025\/11\/vanille6.jpeg 600w, https:\/\/www.finest-vanilla.com\/fr\/wp-content\/uploads\/2025\/11\/vanille6-300x177.jpeg 300w\" sizes=\"(max-width: 600px) 100vw, 600px\" \/><\/a>\n\t\t\t<\/div><\/figure>\n\t\t<\/div>\n\t\t<\/div>\n\t\t\t\t\t\t<\/div>\n\t\t\t\t\t<\/div>\n\t\t<\/div>\n\t\t\t\t<div class=\"elementor-column elementor-col-50 elementor-inner-column elementor-element elementor-element-b14e357\" data-id=\"b14e357\" data-element_type=\"column\">\n\t\t\t<div class=\"elementor-widget-wrap elementor-element-populated\">\n\t\t\t\t\t\t<div class=\"elementor-element elementor-element-f69f62c gallery-spacing-custom elementor-widget elementor-widget-image-gallery\" data-id=\"f69f62c\" data-element_type=\"widget\" data-widget_type=\"image-gallery.default\">\n\t\t\t\t\t\t\t<div class=\"elementor-image-gallery\">\n\t\t\t<div id='gallery-2' class='gallery galleryid-7413 gallery-columns-2 gallery-size-full'><figure class='gallery-item'>\n\t\t\t<div class='gallery-icon landscape'>\n\t\t\t\t<a data-elementor-open-lightbox=\"yes\" data-elementor-lightbox-slideshow=\"f69f62c\" data-elementor-lightbox-title=\"vanille5\" data-e-action-hash=\"#elementor-action%3Aaction%3Dlightbox%26settings%3DeyJpZCI6Njk2MywidXJsIjoiaHR0cHM6XC9cL3d3dy5maW5lc3QtdmFuaWxsYS5jb21cL2ZyXC93cC1jb250ZW50XC91cGxvYWRzXC8yMDI1XC8xMVwvdmFuaWxsZTUud2VicCIsInNsaWRlc2hvdyI6ImY2OWY2MmMifQ%3D%3D\" href='https:\/\/www.finest-vanilla.com\/fr\/wp-content\/uploads\/2025\/11\/vanille5.webp'><img decoding=\"async\" width=\"600\" height=\"350\" src=\"https:\/\/www.finest-vanilla.com\/fr\/wp-content\/uploads\/2025\/11\/vanille5.webp\" class=\"attachment-full size-full\" alt=\"\" srcset=\"https:\/\/www.finest-vanilla.com\/fr\/wp-content\/uploads\/2025\/11\/vanille5.webp 600w, https:\/\/www.finest-vanilla.com\/fr\/wp-content\/uploads\/2025\/11\/vanille5-300x175.webp 300w\" sizes=\"(max-width: 600px) 100vw, 600px\" \/><\/a>\n\t\t\t<\/div><\/figure><figure class='gallery-item'>\n\t\t\t<div class='gallery-icon landscape'>\n\t\t\t\t<a data-elementor-open-lightbox=\"yes\" data-elementor-lightbox-slideshow=\"f69f62c\" data-elementor-lightbox-title=\"vanille1\" data-e-action-hash=\"#elementor-action%3Aaction%3Dlightbox%26settings%3DeyJpZCI6Njk2NCwidXJsIjoiaHR0cHM6XC9cL3d3dy5maW5lc3QtdmFuaWxsYS5jb21cL2ZyXC93cC1jb250ZW50XC91cGxvYWRzXC8yMDI1XC8xMVwvdmFuaWxsZTEud2VicCIsInNsaWRlc2hvdyI6ImY2OWY2MmMifQ%3D%3D\" href='https:\/\/www.finest-vanilla.com\/fr\/wp-content\/uploads\/2025\/11\/vanille1.webp'><img loading=\"lazy\" decoding=\"async\" width=\"600\" height=\"350\" src=\"https:\/\/www.finest-vanilla.com\/fr\/wp-content\/uploads\/2025\/11\/vanille1.webp\" class=\"attachment-full size-full\" alt=\"\" srcset=\"https:\/\/www.finest-vanilla.com\/fr\/wp-content\/uploads\/2025\/11\/vanille1.webp 600w, https:\/\/www.finest-vanilla.com\/fr\/wp-content\/uploads\/2025\/11\/vanille1-300x175.webp 300w\" sizes=\"(max-width: 600px) 100vw, 600px\" \/><\/a>\n\t\t\t<\/div><\/figure><figure class='gallery-item'>\n\t\t\t<div class='gallery-icon landscape'>\n\t\t\t\t<a data-elementor-open-lightbox=\"yes\" data-elementor-lightbox-slideshow=\"f69f62c\" data-elementor-lightbox-title=\"vanille2\" data-e-action-hash=\"#elementor-action%3Aaction%3Dlightbox%26settings%3DeyJpZCI6Njk2NSwidXJsIjoiaHR0cHM6XC9cL3d3dy5maW5lc3QtdmFuaWxsYS5jb21cL2ZyXC93cC1jb250ZW50XC91cGxvYWRzXC8yMDI1XC8xMVwvdmFuaWxsZTIud2VicCIsInNsaWRlc2hvdyI6ImY2OWY2MmMifQ%3D%3D\" href='https:\/\/www.finest-vanilla.com\/fr\/wp-content\/uploads\/2025\/11\/vanille2.webp'><img loading=\"lazy\" decoding=\"async\" width=\"600\" height=\"350\" src=\"https:\/\/www.finest-vanilla.com\/fr\/wp-content\/uploads\/2025\/11\/vanille2.webp\" class=\"attachment-full size-full\" alt=\"\" srcset=\"https:\/\/www.finest-vanilla.com\/fr\/wp-content\/uploads\/2025\/11\/vanille2.webp 600w, https:\/\/www.finest-vanilla.com\/fr\/wp-content\/uploads\/2025\/11\/vanille2-300x175.webp 300w\" sizes=\"(max-width: 600px) 100vw, 600px\" \/><\/a>\n\t\t\t<\/div><\/figure><figure class='gallery-item'>\n\t\t\t<div class='gallery-icon landscape'>\n\t\t\t\t<a data-elementor-open-lightbox=\"yes\" data-elementor-lightbox-slideshow=\"f69f62c\" data-elementor-lightbox-title=\"vanille3\" data-e-action-hash=\"#elementor-action%3Aaction%3Dlightbox%26settings%3DeyJpZCI6Njk2NiwidXJsIjoiaHR0cHM6XC9cL3d3dy5maW5lc3QtdmFuaWxsYS5jb21cL2ZyXC93cC1jb250ZW50XC91cGxvYWRzXC8yMDI1XC8xMVwvdmFuaWxsZTMud2VicCIsInNsaWRlc2hvdyI6ImY2OWY2MmMifQ%3D%3D\" href='https:\/\/www.finest-vanilla.com\/fr\/wp-content\/uploads\/2025\/11\/vanille3.webp'><img loading=\"lazy\" decoding=\"async\" width=\"600\" height=\"350\" src=\"https:\/\/www.finest-vanilla.com\/fr\/wp-content\/uploads\/2025\/11\/vanille3.webp\" class=\"attachment-full size-full\" alt=\"\" srcset=\"https:\/\/www.finest-vanilla.com\/fr\/wp-content\/uploads\/2025\/11\/vanille3.webp 600w, https:\/\/www.finest-vanilla.com\/fr\/wp-content\/uploads\/2025\/11\/vanille3-300x175.webp 300w\" sizes=\"(max-width: 600px) 100vw, 600px\" \/><\/a>\n\t\t\t<\/div><\/figure>\n\t\t<\/div>\n\t\t<\/div>\n\t\t\t\t\t\t<\/div>\n\t\t\t\t\t<\/div>\n\t\t<\/div>\n\t\t\t\t\t<\/div>\n\t\t<\/section>\n\t\t\t\t<section class=\"elementor-section elementor-inner-section elementor-element elementor-element-d17eff0 elementor-section-boxed elementor-section-height-default elementor-section-height-default\" data-id=\"d17eff0\" data-element_type=\"section\" data-settings=\"{&quot;_ha_eqh_enable&quot;:false}\">\n\t\t\t\t\t\t<div class=\"elementor-container elementor-column-gap-no\">\n\t\t\t\t\t<div class=\"elementor-column elementor-col-100 elementor-inner-column elementor-element elementor-element-2df2a34\" data-id=\"2df2a34\" data-element_type=\"column\">\n\t\t\t<div class=\"elementor-widget-wrap elementor-element-populated\">\n\t\t\t\t\t\t<div class=\"elementor-element elementor-element-8a1c7bc elementor-widget elementor-widget-text-editor\" data-id=\"8a1c7bc\" data-element_type=\"widget\" data-widget_type=\"text-editor.default\">\n\t\t\t\t\t\t\t\t\t<p>Le commerce \u00e9quitable est devenu un concept essentiel dans le monde moderne, visant \u00e0 garantir des conditions de travail justes et durables pour les producteurs, tout en favorisant le d\u00e9veloppement \u00e9conomique des communaut\u00e9s locales. Dans cet article, nous examinerons le r\u00f4le crucial du commerce \u00e9quitable \u00e0 Madagascar et comment notre entreprise s\u2019efforce de contribuer \u00e0 son d\u00e9veloppement durable.<\/p><h2 class=\"wp-block-heading\">Le Contexte du Commerce \u00c9quitable \u00e0 Madagascar<\/h2><p>Madagascar, une \u00eele riche en ressources naturelles et en cultures diversifi\u00e9es, est confront\u00e9e \u00e0 des d\u00e9fis socio-\u00e9conomiques importants. Malgr\u00e9 ses atouts, une grande partie de sa population reste confront\u00e9e \u00e0 la pauvret\u00e9 et \u00e0 l\u2019ins\u00e9curit\u00e9 alimentaire. Dans ce contexte, le commerce \u00e9quitable offre une lueur d\u2019espoir en offrant des opportunit\u00e9s \u00e9conomiques aux producteurs locaux tout en promouvant des pratiques commerciales responsables.<\/p><p><strong>Les Avantages du Commerce \u00c9quitable<\/strong><\/p><p>Le commerce \u00e9quitable pr\u00e9sente de nombreux avantages tant pour les producteurs que pour les consommateurs. Pour les producteurs malgaches, cela signifie des revenus plus stables, des conditions de travail dignes et un acc\u00e8s accru aux march\u00e9s mondiaux. Pour les consommateurs, cela garantit des produits de qualit\u00e9, tout en offrant la possibilit\u00e9 de contribuer au d\u00e9veloppement durable et \u00e0 la r\u00e9duction de la pauvret\u00e9.<\/p><h2 class=\"wp-block-heading\">Notre Engagement dans le Commerce \u00c9quitable \u00e0 Madagascar<\/h2><p>En tant qu\u2019entreprise soucieuse de son impact social et environnemental, nous avons pris l\u2019engagement de soutenir le commerce \u00e9quitable \u00e0 Madagascar. Nous travaillons en \u00e9troite collaboration avec des coop\u00e9ratives et des producteurs locaux pour garantir des conditions de travail justes et des prix \u00e9quitables pour leurs produits. De plus, nous investissons dans des initiatives de d\u00e9veloppement communautaire visant \u00e0 renforcer les capacit\u00e9s locales et \u00e0 am\u00e9liorer les conditions de vie des communaut\u00e9s malgaches.<\/p><h2 class=\"wp-block-heading\">Bien G\u00e9rer les Casses : \u00c9tapes Cl\u00e9s de Notre Approche<\/h2><ol class=\"wp-block-list\"><li><strong>\u00c9tablir des Relations Durables :<\/strong>\u00a0Nous croyons en l\u2019importance de b\u00e2tir des relations \u00e0 long terme avec nos partenaires malgaches, bas\u00e9es sur la confiance, le respect et la transparence.<\/li><li><strong>Assurer des Prix \u00c9quitables :<\/strong>\u00a0Nous nous engageons \u00e0 payer des prix justes aux producteurs malgaches, leur permettant de couvrir leurs co\u00fbts de production et de subvenir aux besoins de leurs familles.<\/li><li><strong>Promouvoir des Pratiques Durables :<\/strong>\u00a0Nous encourageons l\u2019adoption de pratiques agricoles durables, telles que l\u2019agro\u00e9cologie et la gestion responsable des ressources naturelles, pour pr\u00e9server l\u2019environnement et garantir la viabilit\u00e9 \u00e0 long terme des exploitations agricoles.<\/li><li><strong>Investir dans le D\u00e9veloppement Communautaire :<\/strong>\u00a0Nous investissons dans des projets de d\u00e9veloppement communautaire, tels que la construction d\u2019\u00e9coles, l\u2019am\u00e9lioration de l\u2019acc\u00e8s \u00e0 l\u2019eau potable et le soutien aux programmes de sant\u00e9, pour renforcer les capacit\u00e9s locales et am\u00e9liorer la qualit\u00e9 de vie des populations malgaches.<\/li><\/ol><p>Le commerce \u00e9quitable joue un r\u00f4le crucial dans la promotion du d\u00e9veloppement durable \u00e0 Madagascar. En tant qu\u2019entreprise engag\u00e9e, nous sommes fiers de contribuer \u00e0 cette cause en soutenant les producteurs locaux, en promouvant des pratiques commerciales responsables et en investissant dans le d\u00e9veloppement communautaire. En travaillant ensemble, nous pouvons cr\u00e9er un avenir plus \u00e9quitable et plus durable pour tous \u00e0 Madagascar.<\/p>\t\t\t\t\t\t\t\t<\/div>\n\t\t\t\t\t<\/div>\n\t\t<\/div>\n\t\t\t\t\t<\/div>\n\t\t<\/section>\n\t\t\t\t\t<\/div>\n\t\t<\/div>\n\t\t\t\t\t<\/div>\n\t\t<\/section>\n\t\t\t\t<\/div>\n\t\t","protected":false},"excerpt":{"rendered":"<p>Finest Vanilla Le commerce \u00e9quitable \u00e0 Madagascar Le commerce \u00e9quitable \u00e0 Madagascar : Comment Notre Entreprise Contribue au D\u00e9veloppement Durable D\u00e9couvrez comment notre entreprise s&#8217;engage dans le commerce \u00e9quitable \u00e0 Madagascar pour favoriser le d\u00e9veloppement durable de la r\u00e9gion. Le commerce \u00e9quitable est devenu un concept essentiel dans le monde moderne, visant \u00e0 garantir des&#8230;<\/p>\n","protected":false},"author":1,"featured_media":7418,"parent":0,"menu_order":0,"comment_status":"closed","ping_status":"closed","template":"template-builder.php","meta":{"footnotes":""},"categories":[1],"tags":[],"class_list":["post-7413","page","type-page","status-publish","has-post-thumbnail","hentry","category-blog-news"],"_links":{"self":[{"href":"https:\/\/www.finest-vanilla.com\/fr\/wp-json\/wp\/v2\/pages\/7413","targetHints":{"allow":["GET"]}}],"collection":[{"href":"https:\/\/www.finest-vanilla.com\/fr\/wp-json\/wp\/v2\/pages"}],"about":[{"href":"https:\/\/www.finest-vanilla.com\/fr\/wp-json\/wp\/v2\/types\/page"}],"author":[{"embeddable":true,"href":"https:\/\/www.finest-vanilla.com\/fr\/wp-json\/wp\/v2\/users\/1"}],"replies":[{"embeddable":true,"href":"https:\/\/www.finest-vanilla.com\/fr\/wp-json\/wp\/v2\/comments?post=7413"}],"version-history":[{"count":29,"href":"https:\/\/www.finest-vanilla.com\/fr\/wp-json\/wp\/v2\/pages\/7413\/revisions"}],"predecessor-version":[{"id":7940,"href":"https:\/\/www.finest-vanilla.com\/fr\/wp-json\/wp\/v2\/pages\/7413\/revisions\/7940"}],"wp:featuredmedia":[{"embeddable":true,"href":"https:\/\/www.finest-vanilla.com\/fr\/wp-json\/wp\/v2\/media\/7418"}],"wp:attachment":[{"href":"https:\/\/www.finest-vanilla.com\/fr\/wp-json\/wp\/v2\/media?parent=7413"}],"wp:term":[{"taxonomy":"category","embeddable":true,"href":"https:\/\/www.finest-vanilla.com\/fr\/wp-json\/wp\/v2\/categories?post=7413"},{"taxonomy":"post_tag","embeddable":true,"href":"https:\/\/www.finest-vanilla.com\/fr\/wp-json\/wp\/v2\/tags?post=7413"}],"curies":[{"name":"wp","href":"https:\/\/api.w.org\/{rel}","templated":true}]}}