{"id":7428,"date":"2025-01-02T05:26:02","date_gmt":"2025-01-02T04:26:02","guid":{"rendered":"https:\/\/www.finest-vanilla.com\/fr\/?page_id=7428"},"modified":"2025-11-29T08:30:07","modified_gmt":"2025-11-29T07:30:07","slug":"artisanat-malgache","status":"publish","type":"page","link":"https:\/\/www.finest-vanilla.com\/fr\/artisanat-malgache\/","title":{"rendered":"Artisanat malgache"},"content":{"rendered":"\t\t<div data-elementor-type=\"wp-page\" data-elementor-id=\"7428\" class=\"elementor elementor-7428\" data-elementor-settings=\"{&quot;ha_cmc_init_switcher&quot;:&quot;no&quot;}\" data-elementor-post-type=\"page\">\n\t\t\t\t<div class=\"elementor-element elementor-element-3b1bf0e e-con-full e-flex e-con e-parent\" data-id=\"3b1bf0e\" data-element_type=\"container\" data-settings=\"{&quot;_ha_eqh_enable&quot;:false}\">\n\t\t\t\t<div class=\"elementor-element elementor-element-f500f10 elementor-widget elementor-widget-image\" data-id=\"f500f10\" data-element_type=\"widget\" data-widget_type=\"image.default\">\n\t\t\t\t\t\t\t\t\t\t\t\t\t\t\t<img fetchpriority=\"high\" decoding=\"async\" width=\"1920\" height=\"500\" src=\"https:\/\/www.finest-vanilla.com\/fr\/wp-content\/uploads\/2025\/11\/banner1.jpg\" class=\"attachment-full size-full wp-image-6555\" alt=\"\" \/>\t\t\t\t\t\t\t\t\t\t\t\t\t\t\t<\/div>\n\t\t\t\t<\/div>\n\t\t\t\t<section class=\"elementor-section elementor-top-section elementor-element elementor-element-ab0c826 elementor-section-full_width elementor-section-height-default elementor-section-height-default\" data-id=\"ab0c826\" data-element_type=\"section\" data-settings=\"{&quot;_ha_eqh_enable&quot;:false}\">\n\t\t\t\t\t\t<div class=\"elementor-container elementor-column-gap-no\">\n\t\t\t\t\t<div class=\"elementor-column elementor-col-100 elementor-top-column elementor-element elementor-element-c458734\" data-id=\"c458734\" data-element_type=\"column\">\n\t\t\t<div class=\"elementor-widget-wrap elementor-element-populated\">\n\t\t\t\t\t\t<section class=\"elementor-section elementor-inner-section elementor-element elementor-element-5a34c25 elementor-section-boxed elementor-section-height-default elementor-section-height-default\" data-id=\"5a34c25\" data-element_type=\"section\" data-settings=\"{&quot;_ha_eqh_enable&quot;:false}\">\n\t\t\t\t\t\t<div class=\"elementor-container elementor-column-gap-no\">\n\t\t\t\t\t<div class=\"elementor-column elementor-col-100 elementor-inner-column elementor-element elementor-element-e4d236f\" data-id=\"e4d236f\" data-element_type=\"column\">\n\t\t\t<div class=\"elementor-widget-wrap elementor-element-populated\">\n\t\t\t\t\t\t<div class=\"elementor-element elementor-element-4d08cd6 elementor-widget elementor-widget-wellnezsectiontitle\" data-id=\"4d08cd6\" data-element_type=\"widget\" data-widget_type=\"wellnezsectiontitle.default\">\n\t\t\t\t<div class=\"elementor-widget-container\">\n\t\t\t\t\t<!-- Section Title --><div class=\"title-area\" ><span class=\"sec-subtitle\">Finest Vanilla<\/span><h2 class=\"sec-title3 title-selector h1\">Artisanat malgache\n<\/h2><p class=\"desc\">Rencontre avec les artisans locaux et d\u00e9couverte de leurs techniques traditionnelles\nPlongez dans l'univers fascinant de l'artisanat malgache en rencontrant les artisans locaux et en explorant les techniques traditionnelles transmises de g\u00e9n\u00e9ration en g\u00e9n\u00e9ration. D\u00e9couvrez la richesse culturelle et artistique de Madagascar \u00e0 travers ses cr\u00e9ations uniques.<\/p><div class=\"section-title-image\"><img decoding=\"async\" src=\"https:\/\/wordpress.vecurosoft.com\/wellnez\/wp-content\/uploads\/2023\/03\/sec-shape-1.png\" alt=\"sec shape 1\"  \/><\/div><\/div><!-- End Section Title -->\t\t\t\t<\/div>\n\t\t\t\t<\/div>\n\t\t\t\t\t<\/div>\n\t\t<\/div>\n\t\t\t\t\t<\/div>\n\t\t<\/section>\n\t\t\t\t<section class=\"elementor-section elementor-inner-section elementor-element elementor-element-d12db1a elementor-section-boxed elementor-section-height-default elementor-section-height-default\" data-id=\"d12db1a\" data-element_type=\"section\" data-settings=\"{&quot;_ha_eqh_enable&quot;:false}\">\n\t\t\t\t\t\t<div class=\"elementor-container elementor-column-gap-no\">\n\t\t\t\t\t<div class=\"elementor-column elementor-col-50 elementor-inner-column elementor-element elementor-element-d620ca9\" data-id=\"d620ca9\" data-element_type=\"column\">\n\t\t\t<div class=\"elementor-widget-wrap elementor-element-populated\">\n\t\t\t\t\t\t<div class=\"elementor-element elementor-element-53bd06a elementor-widget elementor-widget-image-gallery\" data-id=\"53bd06a\" data-element_type=\"widget\" data-widget_type=\"image-gallery.default\">\n\t\t\t\t\t\t\t<div class=\"elementor-image-gallery\">\n\t\t\t<div id='gallery-1' class='gallery galleryid-7428 gallery-columns-1 gallery-size-full'><figure class='gallery-item'>\n\t\t\t<div class='gallery-icon landscape'>\n\t\t\t\t<a data-elementor-open-lightbox=\"yes\" data-elementor-lightbox-slideshow=\"53bd06a\" data-elementor-lightbox-title=\"vanille6\" data-e-action-hash=\"#elementor-action%3Aaction%3Dlightbox%26settings%3DeyJpZCI6Njk4MiwidXJsIjoiaHR0cHM6XC9cL3d3dy5maW5lc3QtdmFuaWxsYS5jb21cL2ZyXC93cC1jb250ZW50XC91cGxvYWRzXC8yMDI1XC8xMVwvdmFuaWxsZTYuanBlZyIsInNsaWRlc2hvdyI6IjUzYmQwNmEifQ%3D%3D\" href='https:\/\/www.finest-vanilla.com\/fr\/wp-content\/uploads\/2025\/11\/vanille6.jpeg'><img decoding=\"async\" width=\"600\" height=\"353\" src=\"https:\/\/www.finest-vanilla.com\/fr\/wp-content\/uploads\/2025\/11\/vanille6.jpeg\" class=\"attachment-full size-full\" alt=\"\" srcset=\"https:\/\/www.finest-vanilla.com\/fr\/wp-content\/uploads\/2025\/11\/vanille6.jpeg 600w, https:\/\/www.finest-vanilla.com\/fr\/wp-content\/uploads\/2025\/11\/vanille6-300x177.jpeg 300w\" sizes=\"(max-width: 600px) 100vw, 600px\" \/><\/a>\n\t\t\t<\/div><\/figure>\n\t\t<\/div>\n\t\t<\/div>\n\t\t\t\t\t\t<\/div>\n\t\t\t\t\t<\/div>\n\t\t<\/div>\n\t\t\t\t<div class=\"elementor-column elementor-col-50 elementor-inner-column elementor-element elementor-element-49adcf9\" data-id=\"49adcf9\" data-element_type=\"column\">\n\t\t\t<div class=\"elementor-widget-wrap elementor-element-populated\">\n\t\t\t\t\t\t<div class=\"elementor-element elementor-element-3c89c84 gallery-spacing-custom elementor-widget elementor-widget-image-gallery\" data-id=\"3c89c84\" data-element_type=\"widget\" data-widget_type=\"image-gallery.default\">\n\t\t\t\t\t\t\t<div class=\"elementor-image-gallery\">\n\t\t\t<div id='gallery-2' class='gallery galleryid-7428 gallery-columns-2 gallery-size-full'><figure class='gallery-item'>\n\t\t\t<div class='gallery-icon landscape'>\n\t\t\t\t<a data-elementor-open-lightbox=\"yes\" data-elementor-lightbox-slideshow=\"3c89c84\" data-elementor-lightbox-title=\"vanille5\" data-e-action-hash=\"#elementor-action%3Aaction%3Dlightbox%26settings%3DeyJpZCI6Njk2MywidXJsIjoiaHR0cHM6XC9cL3d3dy5maW5lc3QtdmFuaWxsYS5jb21cL2ZyXC93cC1jb250ZW50XC91cGxvYWRzXC8yMDI1XC8xMVwvdmFuaWxsZTUud2VicCIsInNsaWRlc2hvdyI6IjNjODljODQifQ%3D%3D\" href='https:\/\/www.finest-vanilla.com\/fr\/wp-content\/uploads\/2025\/11\/vanille5.webp'><img decoding=\"async\" width=\"600\" height=\"350\" src=\"https:\/\/www.finest-vanilla.com\/fr\/wp-content\/uploads\/2025\/11\/vanille5.webp\" class=\"attachment-full size-full\" alt=\"\" srcset=\"https:\/\/www.finest-vanilla.com\/fr\/wp-content\/uploads\/2025\/11\/vanille5.webp 600w, https:\/\/www.finest-vanilla.com\/fr\/wp-content\/uploads\/2025\/11\/vanille5-300x175.webp 300w\" sizes=\"(max-width: 600px) 100vw, 600px\" \/><\/a>\n\t\t\t<\/div><\/figure><figure class='gallery-item'>\n\t\t\t<div class='gallery-icon landscape'>\n\t\t\t\t<a data-elementor-open-lightbox=\"yes\" data-elementor-lightbox-slideshow=\"3c89c84\" data-elementor-lightbox-title=\"vanille1\" data-e-action-hash=\"#elementor-action%3Aaction%3Dlightbox%26settings%3DeyJpZCI6Njk2NCwidXJsIjoiaHR0cHM6XC9cL3d3dy5maW5lc3QtdmFuaWxsYS5jb21cL2ZyXC93cC1jb250ZW50XC91cGxvYWRzXC8yMDI1XC8xMVwvdmFuaWxsZTEud2VicCIsInNsaWRlc2hvdyI6IjNjODljODQifQ%3D%3D\" href='https:\/\/www.finest-vanilla.com\/fr\/wp-content\/uploads\/2025\/11\/vanille1.webp'><img loading=\"lazy\" decoding=\"async\" width=\"600\" height=\"350\" src=\"https:\/\/www.finest-vanilla.com\/fr\/wp-content\/uploads\/2025\/11\/vanille1.webp\" class=\"attachment-full size-full\" alt=\"\" srcset=\"https:\/\/www.finest-vanilla.com\/fr\/wp-content\/uploads\/2025\/11\/vanille1.webp 600w, https:\/\/www.finest-vanilla.com\/fr\/wp-content\/uploads\/2025\/11\/vanille1-300x175.webp 300w\" sizes=\"(max-width: 600px) 100vw, 600px\" \/><\/a>\n\t\t\t<\/div><\/figure><figure class='gallery-item'>\n\t\t\t<div class='gallery-icon landscape'>\n\t\t\t\t<a data-elementor-open-lightbox=\"yes\" data-elementor-lightbox-slideshow=\"3c89c84\" data-elementor-lightbox-title=\"vanille2\" data-e-action-hash=\"#elementor-action%3Aaction%3Dlightbox%26settings%3DeyJpZCI6Njk2NSwidXJsIjoiaHR0cHM6XC9cL3d3dy5maW5lc3QtdmFuaWxsYS5jb21cL2ZyXC93cC1jb250ZW50XC91cGxvYWRzXC8yMDI1XC8xMVwvdmFuaWxsZTIud2VicCIsInNsaWRlc2hvdyI6IjNjODljODQifQ%3D%3D\" href='https:\/\/www.finest-vanilla.com\/fr\/wp-content\/uploads\/2025\/11\/vanille2.webp'><img loading=\"lazy\" decoding=\"async\" width=\"600\" height=\"350\" src=\"https:\/\/www.finest-vanilla.com\/fr\/wp-content\/uploads\/2025\/11\/vanille2.webp\" class=\"attachment-full size-full\" alt=\"\" srcset=\"https:\/\/www.finest-vanilla.com\/fr\/wp-content\/uploads\/2025\/11\/vanille2.webp 600w, https:\/\/www.finest-vanilla.com\/fr\/wp-content\/uploads\/2025\/11\/vanille2-300x175.webp 300w\" sizes=\"(max-width: 600px) 100vw, 600px\" \/><\/a>\n\t\t\t<\/div><\/figure><figure class='gallery-item'>\n\t\t\t<div class='gallery-icon landscape'>\n\t\t\t\t<a data-elementor-open-lightbox=\"yes\" data-elementor-lightbox-slideshow=\"3c89c84\" data-elementor-lightbox-title=\"vanille3\" data-e-action-hash=\"#elementor-action%3Aaction%3Dlightbox%26settings%3DeyJpZCI6Njk2NiwidXJsIjoiaHR0cHM6XC9cL3d3dy5maW5lc3QtdmFuaWxsYS5jb21cL2ZyXC93cC1jb250ZW50XC91cGxvYWRzXC8yMDI1XC8xMVwvdmFuaWxsZTMud2VicCIsInNsaWRlc2hvdyI6IjNjODljODQifQ%3D%3D\" href='https:\/\/www.finest-vanilla.com\/fr\/wp-content\/uploads\/2025\/11\/vanille3.webp'><img loading=\"lazy\" decoding=\"async\" width=\"600\" height=\"350\" src=\"https:\/\/www.finest-vanilla.com\/fr\/wp-content\/uploads\/2025\/11\/vanille3.webp\" class=\"attachment-full size-full\" alt=\"\" srcset=\"https:\/\/www.finest-vanilla.com\/fr\/wp-content\/uploads\/2025\/11\/vanille3.webp 600w, https:\/\/www.finest-vanilla.com\/fr\/wp-content\/uploads\/2025\/11\/vanille3-300x175.webp 300w\" sizes=\"(max-width: 600px) 100vw, 600px\" \/><\/a>\n\t\t\t<\/div><\/figure>\n\t\t<\/div>\n\t\t<\/div>\n\t\t\t\t\t\t<\/div>\n\t\t\t\t\t<\/div>\n\t\t<\/div>\n\t\t\t\t\t<\/div>\n\t\t<\/section>\n\t\t\t\t<section class=\"elementor-section elementor-inner-section elementor-element elementor-element-d17eff0 elementor-section-boxed elementor-section-height-default elementor-section-height-default\" data-id=\"d17eff0\" data-element_type=\"section\" data-settings=\"{&quot;_ha_eqh_enable&quot;:false}\">\n\t\t\t\t\t\t<div class=\"elementor-container elementor-column-gap-no\">\n\t\t\t\t\t<div class=\"elementor-column elementor-col-100 elementor-inner-column elementor-element elementor-element-2df2a34\" data-id=\"2df2a34\" data-element_type=\"column\">\n\t\t\t<div class=\"elementor-widget-wrap elementor-element-populated\">\n\t\t\t\t\t\t<div class=\"elementor-element elementor-element-8a1c7bc elementor-widget elementor-widget-text-editor\" data-id=\"8a1c7bc\" data-element_type=\"widget\" data-widget_type=\"text-editor.default\">\n\t\t\t\t\t\t\t\t\t<p>L\u2019artisanat malgache incarne l\u2019essence m\u00eame de la culture et de l\u2019histoire de Madagascar. De g\u00e9n\u00e9ration en g\u00e9n\u00e9ration, les artisans locaux ont pr\u00e9serv\u00e9 et perfectionn\u00e9 leurs techniques traditionnelles, cr\u00e9ant ainsi des \u0153uvres d\u2019art uniques et empreintes de savoir-faire. Dans cet article, nous plongerons dans cet univers fascinant en rencontrant les artisans malgaches et en explorant les secrets de leurs techniques.<\/p><h2 class=\"wp-block-heading\">1. Rencontre avec les artisans locaux<\/h2><p>Pour d\u00e9couvrir l\u2019artisanat malgache dans toute sa diversit\u00e9, rien de tel que de rencontrer les artisans locaux dans leurs ateliers. Que ce soit dans les rues anim\u00e9es des grandes villes ou dans les villages recul\u00e9s, chaque artisan a une histoire \u00e0 raconter et un savoir-faire \u00e0 partager. En discutant avec eux, on d\u00e9couvre les traditions, les inspirations et les d\u00e9fis auxquels ils font face dans leur m\u00e9tier.<\/p><ul class=\"wp-block-list\"><li><strong>T\u00e9moignage\u00a0<\/strong>: Raharimalala, un artisan sculpteur de bois \u00e0 Antsirabe, partage son exp\u00e9rience : \u00ab\u00a0Pour moi, l\u2019artisanat est bien plus qu\u2019un simple m\u00e9tier. C\u2019est un h\u00e9ritage familial, une fa\u00e7on de perp\u00e9tuer notre culture et de pr\u00e9server notre identit\u00e9 malgache.\u00a0\u00bb<\/li><li><strong>Visite d\u2019atelier<\/strong>\u00a0: Dans le village d\u2019Ambohimanga, des artisans tisserands perp\u00e9tuent la tradition ancestrale du tissage de la soie. En visitant leurs ateliers, on d\u00e9couvre les m\u00e9tiers \u00e0 tisser traditionnels et les techniques complexes utilis\u00e9es pour cr\u00e9er des \u00e9toffes d\u2019une beaut\u00e9 exceptionnelle.<\/li><\/ul><h2 class=\"wp-block-heading\">2. D\u00e9couverte des techniques traditionnelles<\/h2><p>Les techniques artisanales malgaches sont aussi vari\u00e9es que fascinantes, refl\u00e9tant la diversit\u00e9 culturelle et g\u00e9ographique de l\u2019\u00eele. Du tissage de la soie \u00e0 la sculpture sur bois en passant par la vannerie et la poterie, chaque m\u00e9tier a ses propres m\u00e9thodes et ses propres secrets. En observant les artisans \u00e0 l\u2019\u0153uvre, on d\u00e9couvre l\u2019ing\u00e9niosit\u00e9 et la pr\u00e9cision qui caract\u00e9risent leur travail.<\/p><ul class=\"wp-block-list\"><li><strong>Tissage de la soie\u00a0<\/strong>: Les artisans tisserands de Madagascar utilisent des m\u00e9tiers \u00e0 tisser manuels pour cr\u00e9er des \u00e9toffes de soie d\u2019une grande finesse. Ils teignent ensuite les tissus avec des pigments naturels, issus de plantes locales, pour cr\u00e9er des motifs et des couleurs uniques.<\/li><li><strong>Sculpture sur bois<\/strong>\u00a0: Les sculpteurs malgaches ma\u00eetrisent l\u2019art de transformer le bois en \u0153uvres d\u2019art impressionnantes. \u00c0 l\u2019aide de simples outils tels que des ciseaux et des couteaux, ils fa\u00e7onnent des sculptures repr\u00e9sentant des figures humaines, des animaux et des motifs traditionnels.<\/li><li><strong>Vannerie\u00a0<\/strong>: La vannerie est une autre forme d\u2019artisanat largement pratiqu\u00e9e \u00e0 Madagascar. Les artisans utilisent des mat\u00e9riaux naturels tels que le raphia et les feuilles de palmier pour tisser des paniers, des nattes et des chapeaux d\u2019une grande beaut\u00e9 et d\u2019une grande durabilit\u00e9.<\/li><\/ul><h2 class=\"wp-block-heading\">3. L\u2019importance de l\u2019artisanat dans la culture malgache<\/h2><p>L\u2019artisanat occupe une place centrale dans la culture malgache, jouant un r\u00f4le essentiel dans la pr\u00e9servation des traditions et des valeurs ancestrales. En cr\u00e9ant des objets utilitaires et d\u00e9coratifs, les artisans malgaches perp\u00e9tuent un h\u00e9ritage mill\u00e9naire et contribuent \u00e0 l\u2019identit\u00e9 culturelle de leur pays. Leurs cr\u00e9ations sont \u00e9galement une source de fiert\u00e9 nationale et un vecteur de d\u00e9veloppement \u00e9conomique pour les communaut\u00e9s locales.<\/p><ul class=\"wp-block-list\"><li><strong>Impact \u00e9conomique<\/strong>\u00a0: L\u2019artisanat repr\u00e9sente l\u2019une des principales sources de revenus pour de nombreuses familles malgaches, en particulier dans les zones rurales. En vendant leurs cr\u00e9ations sur les march\u00e9s locaux et aux touristes, les artisans contribuent \u00e0 l\u2019\u00e9conomie locale et \u00e0 la r\u00e9duction de la pauvret\u00e9.<\/li><li><strong>Promotion du tourisme<\/strong>\u00a0: L\u2019artisanat malgache attire \u00e9galement de nombreux touristes \u00e9trangers, qui viennent d\u00e9couvrir la richesse culturelle et artistique de l\u2019\u00eele. Les produits artisanaux, tels que les sculptures en bois, les tissus traditionnels et les bijoux en pierres pr\u00e9cieuses, sont tr\u00e8s pris\u00e9s des visiteurs en qu\u00eate d\u2019authenticit\u00e9 et de souvenirs uniques.<\/li><\/ul><p>L\u2019artisanat malgache est bien plus qu\u2019une simple activit\u00e9 \u00e9conomique : c\u2019est un v\u00e9ritable art de vivre, ancr\u00e9 dans la tradition et le savoir-faire des g\u00e9n\u00e9rations pass\u00e9es. En rencontrant les artisans locaux et en d\u00e9couvrant leurs techniques traditionnelles, on plonge au c\u0153ur de la culture malgache et on comprend toute la richesse et la diversit\u00e9 de cet h\u00e9ritage ancestral. Que ce soit en admirant une sculpture sur bois, en touchant un tissu de soie ou en portant un chapeau tress\u00e9, chaque objet artisanal raconte une histoire et incarne l\u2019\u00e2me m\u00eame de Madagascar.<\/p>\t\t\t\t\t\t\t\t<\/div>\n\t\t\t\t\t<\/div>\n\t\t<\/div>\n\t\t\t\t\t<\/div>\n\t\t<\/section>\n\t\t\t\t\t<\/div>\n\t\t<\/div>\n\t\t\t\t\t<\/div>\n\t\t<\/section>\n\t\t\t\t<\/div>\n\t\t","protected":false},"excerpt":{"rendered":"<p>Finest Vanilla Artisanat malgache Rencontre avec les artisans locaux et d\u00e9couverte de leurs techniques traditionnelles Plongez dans l&#8217;univers fascinant de l&#8217;artisanat malgache en rencontrant les artisans locaux et en explorant les techniques traditionnelles transmises de g\u00e9n\u00e9ration en g\u00e9n\u00e9ration. D\u00e9couvrez la richesse culturelle et artistique de Madagascar \u00e0 travers ses cr\u00e9ations uniques. L\u2019artisanat malgache incarne l\u2019essence&#8230;<\/p>\n","protected":false},"author":1,"featured_media":7436,"parent":0,"menu_order":0,"comment_status":"closed","ping_status":"closed","template":"template-builder.php","meta":{"footnotes":""},"categories":[1],"tags":[],"class_list":["post-7428","page","type-page","status-publish","has-post-thumbnail","hentry","category-blog-news"],"_links":{"self":[{"href":"https:\/\/www.finest-vanilla.com\/fr\/wp-json\/wp\/v2\/pages\/7428","targetHints":{"allow":["GET"]}}],"collection":[{"href":"https:\/\/www.finest-vanilla.com\/fr\/wp-json\/wp\/v2\/pages"}],"about":[{"href":"https:\/\/www.finest-vanilla.com\/fr\/wp-json\/wp\/v2\/types\/page"}],"author":[{"embeddable":true,"href":"https:\/\/www.finest-vanilla.com\/fr\/wp-json\/wp\/v2\/users\/1"}],"replies":[{"embeddable":true,"href":"https:\/\/www.finest-vanilla.com\/fr\/wp-json\/wp\/v2\/comments?post=7428"}],"version-history":[{"count":20,"href":"https:\/\/www.finest-vanilla.com\/fr\/wp-json\/wp\/v2\/pages\/7428\/revisions"}],"predecessor-version":[{"id":7958,"href":"https:\/\/www.finest-vanilla.com\/fr\/wp-json\/wp\/v2\/pages\/7428\/revisions\/7958"}],"wp:featuredmedia":[{"embeddable":true,"href":"https:\/\/www.finest-vanilla.com\/fr\/wp-json\/wp\/v2\/media\/7436"}],"wp:attachment":[{"href":"https:\/\/www.finest-vanilla.com\/fr\/wp-json\/wp\/v2\/media?parent=7428"}],"wp:term":[{"taxonomy":"category","embeddable":true,"href":"https:\/\/www.finest-vanilla.com\/fr\/wp-json\/wp\/v2\/categories?post=7428"},{"taxonomy":"post_tag","embeddable":true,"href":"https:\/\/www.finest-vanilla.com\/fr\/wp-json\/wp\/v2\/tags?post=7428"}],"curies":[{"name":"wp","href":"https:\/\/api.w.org\/{rel}","templated":true}]}}