{"id":7440,"date":"2025-05-02T05:57:08","date_gmt":"2025-05-02T03:57:08","guid":{"rendered":"https:\/\/www.finest-vanilla.com\/fr\/?page_id=7440"},"modified":"2025-11-29T08:26:21","modified_gmt":"2025-11-29T07:26:21","slug":"limpact-positif-de-lagriculture","status":"publish","type":"page","link":"https:\/\/www.finest-vanilla.com\/fr\/limpact-positif-de-lagriculture\/","title":{"rendered":"L\u2019impact positif de l\u2019agriculture"},"content":{"rendered":"\t\t<div data-elementor-type=\"wp-page\" data-elementor-id=\"7440\" class=\"elementor elementor-7440\" data-elementor-settings=\"{&quot;ha_cmc_init_switcher&quot;:&quot;no&quot;}\" data-elementor-post-type=\"page\">\n\t\t\t\t<div class=\"elementor-element elementor-element-3b1bf0e e-con-full e-flex e-con e-parent\" data-id=\"3b1bf0e\" data-element_type=\"container\" data-settings=\"{&quot;_ha_eqh_enable&quot;:false}\">\n\t\t\t\t<div class=\"elementor-element elementor-element-f500f10 elementor-widget elementor-widget-image\" data-id=\"f500f10\" data-element_type=\"widget\" data-widget_type=\"image.default\">\n\t\t\t\t\t\t\t\t\t\t\t\t\t\t\t<img fetchpriority=\"high\" decoding=\"async\" width=\"1920\" height=\"500\" src=\"https:\/\/www.finest-vanilla.com\/fr\/wp-content\/uploads\/2025\/11\/banner1.jpg\" class=\"attachment-full size-full wp-image-6555\" alt=\"\" \/>\t\t\t\t\t\t\t\t\t\t\t\t\t\t\t<\/div>\n\t\t\t\t<\/div>\n\t\t\t\t<section class=\"elementor-section elementor-top-section elementor-element elementor-element-ab0c826 elementor-section-full_width elementor-section-height-default elementor-section-height-default\" data-id=\"ab0c826\" data-element_type=\"section\" data-settings=\"{&quot;_ha_eqh_enable&quot;:false}\">\n\t\t\t\t\t\t<div class=\"elementor-container elementor-column-gap-no\">\n\t\t\t\t\t<div class=\"elementor-column elementor-col-100 elementor-top-column elementor-element elementor-element-c458734\" data-id=\"c458734\" data-element_type=\"column\">\n\t\t\t<div class=\"elementor-widget-wrap elementor-element-populated\">\n\t\t\t\t\t\t<section class=\"elementor-section elementor-inner-section elementor-element elementor-element-5a34c25 elementor-section-boxed elementor-section-height-default elementor-section-height-default\" data-id=\"5a34c25\" data-element_type=\"section\" data-settings=\"{&quot;_ha_eqh_enable&quot;:false}\">\n\t\t\t\t\t\t<div class=\"elementor-container elementor-column-gap-no\">\n\t\t\t\t\t<div class=\"elementor-column elementor-col-100 elementor-inner-column elementor-element elementor-element-e4d236f\" data-id=\"e4d236f\" data-element_type=\"column\">\n\t\t\t<div class=\"elementor-widget-wrap elementor-element-populated\">\n\t\t\t\t\t\t<div class=\"elementor-element elementor-element-4d08cd6 elementor-widget elementor-widget-wellnezsectiontitle\" data-id=\"4d08cd6\" data-element_type=\"widget\" data-widget_type=\"wellnezsectiontitle.default\">\n\t\t\t\t<div class=\"elementor-widget-container\">\n\t\t\t\t\t<!-- Section Title --><div class=\"title-area\" ><span class=\"sec-subtitle\">Finest Vanilla<\/span><h2 class=\"sec-title3 title-selector h1\">L\u2019impact positif de l\u2019agriculture biologique \u00e0 Madagascar\n<\/h2><p class=\"desc\">L\u2019impact positif de l\u2019agriculture biologique \u00e0 Madagascar : t\u00e9moignages et \u00e9tudes de cas\nD\u00e9couvrez comment l'agriculture biologique transforme les communaut\u00e9s malgaches, am\u00e9liorant la sant\u00e9, pr\u00e9servant l'environnement et renfor\u00e7ant l'\u00e9conomie locale. Des t\u00e9moignages et des \u00e9tudes de cas<\/p><div class=\"section-title-image\"><img decoding=\"async\" src=\"https:\/\/wordpress.vecurosoft.com\/wellnez\/wp-content\/uploads\/2023\/03\/sec-shape-1.png\" alt=\"sec shape 1\"  \/><\/div><\/div><!-- End Section Title -->\t\t\t\t<\/div>\n\t\t\t\t<\/div>\n\t\t\t\t\t<\/div>\n\t\t<\/div>\n\t\t\t\t\t<\/div>\n\t\t<\/section>\n\t\t\t\t<section class=\"elementor-section elementor-inner-section elementor-element elementor-element-ed04650 elementor-section-boxed elementor-section-height-default elementor-section-height-default\" data-id=\"ed04650\" data-element_type=\"section\" data-settings=\"{&quot;_ha_eqh_enable&quot;:false}\">\n\t\t\t\t\t\t<div class=\"elementor-container elementor-column-gap-no\">\n\t\t\t\t\t<div class=\"elementor-column elementor-col-50 elementor-inner-column elementor-element elementor-element-0529d9a\" data-id=\"0529d9a\" data-element_type=\"column\">\n\t\t\t<div class=\"elementor-widget-wrap elementor-element-populated\">\n\t\t\t\t\t\t<div class=\"elementor-element elementor-element-eb3b080 elementor-widget elementor-widget-image-gallery\" data-id=\"eb3b080\" data-element_type=\"widget\" data-widget_type=\"image-gallery.default\">\n\t\t\t\t\t\t\t<div class=\"elementor-image-gallery\">\n\t\t\t\n<a data-elementor-open-lightbox=\"yes\" data-elementor-lightbox-slideshow=\"eb3b080\" data-elementor-lightbox-title=\"vanille6\" data-e-action-hash=\"#elementor-action%3Aaction%3Dlightbox%26settings%3DeyJpZCI6Njk4MiwidXJsIjoiaHR0cHM6XC9cL3d3dy5maW5lc3QtdmFuaWxsYS5jb21cL2ZyXC93cC1jb250ZW50XC91cGxvYWRzXC8yMDI1XC8xMVwvdmFuaWxsZTYuanBlZyIsInNsaWRlc2hvdyI6ImViM2IwODAifQ%3D%3D\" href='https:\/\/www.finest-vanilla.com\/fr\/wp-content\/uploads\/2025\/11\/vanille6.jpeg'><img decoding=\"async\" width=\"600\" height=\"353\" src=\"https:\/\/www.finest-vanilla.com\/fr\/wp-content\/uploads\/2025\/11\/vanille6.jpeg\" class=\"attachment-full size-full\" alt=\"\" srcset=\"https:\/\/www.finest-vanilla.com\/fr\/wp-content\/uploads\/2025\/11\/vanille6.jpeg 600w, https:\/\/www.finest-vanilla.com\/fr\/wp-content\/uploads\/2025\/11\/vanille6-300x177.jpeg 300w\" sizes=\"(max-width: 600px) 100vw, 600px\" \/><\/a>\n\t\t<\/div>\n\t\t\t\t\t\t<\/div>\n\t\t\t\t\t<\/div>\n\t\t<\/div>\n\t\t\t\t<div class=\"elementor-column elementor-col-50 elementor-inner-column elementor-element elementor-element-7537cb3\" data-id=\"7537cb3\" data-element_type=\"column\">\n\t\t\t<div class=\"elementor-widget-wrap elementor-element-populated\">\n\t\t\t\t\t\t<div class=\"elementor-element elementor-element-db36928 gallery-spacing-custom elementor-widget elementor-widget-image-gallery\" data-id=\"db36928\" data-element_type=\"widget\" data-widget_type=\"image-gallery.default\">\n\t\t\t\t\t\t\t<div class=\"elementor-image-gallery\">\n\t\t\t\n<a data-elementor-open-lightbox=\"yes\" data-elementor-lightbox-slideshow=\"db36928\" data-elementor-lightbox-title=\"vanille5\" data-e-action-hash=\"#elementor-action%3Aaction%3Dlightbox%26settings%3DeyJpZCI6Njk2MywidXJsIjoiaHR0cHM6XC9cL3d3dy5maW5lc3QtdmFuaWxsYS5jb21cL2ZyXC93cC1jb250ZW50XC91cGxvYWRzXC8yMDI1XC8xMVwvdmFuaWxsZTUud2VicCIsInNsaWRlc2hvdyI6ImRiMzY5MjgifQ%3D%3D\" href='https:\/\/www.finest-vanilla.com\/fr\/wp-content\/uploads\/2025\/11\/vanille5.webp'><img decoding=\"async\" width=\"600\" height=\"350\" src=\"https:\/\/www.finest-vanilla.com\/fr\/wp-content\/uploads\/2025\/11\/vanille5.webp\" class=\"attachment-full size-full\" alt=\"\" srcset=\"https:\/\/www.finest-vanilla.com\/fr\/wp-content\/uploads\/2025\/11\/vanille5.webp 600w, https:\/\/www.finest-vanilla.com\/fr\/wp-content\/uploads\/2025\/11\/vanille5-300x175.webp 300w\" sizes=\"(max-width: 600px) 100vw, 600px\" \/><\/a>\n<a data-elementor-open-lightbox=\"yes\" data-elementor-lightbox-slideshow=\"db36928\" data-elementor-lightbox-title=\"vanille1\" data-e-action-hash=\"#elementor-action%3Aaction%3Dlightbox%26settings%3DeyJpZCI6Njk2NCwidXJsIjoiaHR0cHM6XC9cL3d3dy5maW5lc3QtdmFuaWxsYS5jb21cL2ZyXC93cC1jb250ZW50XC91cGxvYWRzXC8yMDI1XC8xMVwvdmFuaWxsZTEud2VicCIsInNsaWRlc2hvdyI6ImRiMzY5MjgifQ%3D%3D\" href='https:\/\/www.finest-vanilla.com\/fr\/wp-content\/uploads\/2025\/11\/vanille1.webp'><img loading=\"lazy\" decoding=\"async\" width=\"600\" height=\"350\" src=\"https:\/\/www.finest-vanilla.com\/fr\/wp-content\/uploads\/2025\/11\/vanille1.webp\" class=\"attachment-full size-full\" alt=\"\" srcset=\"https:\/\/www.finest-vanilla.com\/fr\/wp-content\/uploads\/2025\/11\/vanille1.webp 600w, https:\/\/www.finest-vanilla.com\/fr\/wp-content\/uploads\/2025\/11\/vanille1-300x175.webp 300w\" sizes=\"(max-width: 600px) 100vw, 600px\" \/><\/a>\n<a data-elementor-open-lightbox=\"yes\" data-elementor-lightbox-slideshow=\"db36928\" data-elementor-lightbox-title=\"vanille2\" data-e-action-hash=\"#elementor-action%3Aaction%3Dlightbox%26settings%3DeyJpZCI6Njk2NSwidXJsIjoiaHR0cHM6XC9cL3d3dy5maW5lc3QtdmFuaWxsYS5jb21cL2ZyXC93cC1jb250ZW50XC91cGxvYWRzXC8yMDI1XC8xMVwvdmFuaWxsZTIud2VicCIsInNsaWRlc2hvdyI6ImRiMzY5MjgifQ%3D%3D\" href='https:\/\/www.finest-vanilla.com\/fr\/wp-content\/uploads\/2025\/11\/vanille2.webp'><img loading=\"lazy\" decoding=\"async\" width=\"600\" height=\"350\" src=\"https:\/\/www.finest-vanilla.com\/fr\/wp-content\/uploads\/2025\/11\/vanille2.webp\" class=\"attachment-full size-full\" alt=\"\" srcset=\"https:\/\/www.finest-vanilla.com\/fr\/wp-content\/uploads\/2025\/11\/vanille2.webp 600w, https:\/\/www.finest-vanilla.com\/fr\/wp-content\/uploads\/2025\/11\/vanille2-300x175.webp 300w\" sizes=\"(max-width: 600px) 100vw, 600px\" \/><\/a>\n<a data-elementor-open-lightbox=\"yes\" data-elementor-lightbox-slideshow=\"db36928\" data-elementor-lightbox-title=\"vanille3\" data-e-action-hash=\"#elementor-action%3Aaction%3Dlightbox%26settings%3DeyJpZCI6Njk2NiwidXJsIjoiaHR0cHM6XC9cL3d3dy5maW5lc3QtdmFuaWxsYS5jb21cL2ZyXC93cC1jb250ZW50XC91cGxvYWRzXC8yMDI1XC8xMVwvdmFuaWxsZTMud2VicCIsInNsaWRlc2hvdyI6ImRiMzY5MjgifQ%3D%3D\" href='https:\/\/www.finest-vanilla.com\/fr\/wp-content\/uploads\/2025\/11\/vanille3.webp'><img loading=\"lazy\" decoding=\"async\" width=\"600\" height=\"350\" src=\"https:\/\/www.finest-vanilla.com\/fr\/wp-content\/uploads\/2025\/11\/vanille3.webp\" class=\"attachment-full size-full\" alt=\"\" srcset=\"https:\/\/www.finest-vanilla.com\/fr\/wp-content\/uploads\/2025\/11\/vanille3.webp 600w, https:\/\/www.finest-vanilla.com\/fr\/wp-content\/uploads\/2025\/11\/vanille3-300x175.webp 300w\" sizes=\"(max-width: 600px) 100vw, 600px\" \/><\/a>\n\t\t<\/div>\n\t\t\t\t\t\t<\/div>\n\t\t\t\t\t<\/div>\n\t\t<\/div>\n\t\t\t\t\t<\/div>\n\t\t<\/section>\n\t\t\t\t<section class=\"elementor-section elementor-inner-section elementor-element elementor-element-d17eff0 elementor-section-boxed elementor-section-height-default elementor-section-height-default\" data-id=\"d17eff0\" data-element_type=\"section\" data-settings=\"{&quot;_ha_eqh_enable&quot;:false}\">\n\t\t\t\t\t\t<div class=\"elementor-container elementor-column-gap-no\">\n\t\t\t\t\t<div class=\"elementor-column elementor-col-100 elementor-inner-column elementor-element elementor-element-2df2a34\" data-id=\"2df2a34\" data-element_type=\"column\">\n\t\t\t<div class=\"elementor-widget-wrap elementor-element-populated\">\n\t\t\t\t\t\t<div class=\"elementor-element elementor-element-8a1c7bc elementor-widget elementor-widget-text-editor\" data-id=\"8a1c7bc\" data-element_type=\"widget\" data-widget_type=\"text-editor.default\">\n\t\t\t\t\t\t\t\t\t<p>L\u2019agriculture biologique \u00e9merge comme une solution prometteuse pour Madagascar, un pays confront\u00e9 \u00e0 des d\u00e9fis environnementaux, \u00e9conomiques et sociaux importants. Cette approche met l\u2019accent sur la durabilit\u00e9, en \u00e9vitant l\u2019utilisation de pesticides et d\u2019engrais chimiques, et en favorisant des m\u00e9thodes de production respectueuses de l\u2019environnement. Dans cet article, nous explorerons les effets positifs de l\u2019agriculture biologique \u00e0 Madagascar \u00e0 travers des t\u00e9moignages inspirants et des \u00e9tudes de cas illustratives.<\/p><h2 class=\"wp-block-heading\">1. Am\u00e9lioration de la sant\u00e9 des communaut\u00e9s<\/h2><p>L\u2019un des principaux avantages de l\u2019agriculture biologique est son impact sur la sant\u00e9 des communaut\u00e9s malgaches. En \u00e9vitant l\u2019utilisation de produits chimiques nocifs, les agriculteurs biologiques prot\u00e8gent la sant\u00e9 de leurs familles et de leurs voisins. Les produits biologiques sont \u00e9galement plus nutritifs, ce qui contribue \u00e0 une alimentation plus saine et \u00e9quilibr\u00e9e.<\/p><ul class=\"wp-block-list\"><li>T\u00e9moignage : Rina, une agricultrice de la r\u00e9gion de Fianarantsoa, partage son exp\u00e9rience : \u00ab\u00a0Depuis que nous avons adopt\u00e9 des pratiques agricoles biologiques, ma famille et moi sommes en meilleure sant\u00e9. Nous avons moins de probl\u00e8mes de sant\u00e9 li\u00e9s aux pesticides, et nos enfants grandissent en \u00e9tant plus forts et plus vigoureux.\u00a0\u00bb<\/li><li>\u00c9tude de cas : Une \u00e9tude men\u00e9e dans le village de Moramanga a r\u00e9v\u00e9l\u00e9 une baisse significative des maladies li\u00e9es \u00e0 l\u2019exposition aux pesticides depuis que les agriculteurs ont adopt\u00e9 des m\u00e9thodes biologiques. Les taux d\u2019intoxication alimentaire et de maladies respiratoires ont diminu\u00e9, am\u00e9liorant ainsi la qualit\u00e9 de vie des habitants.<\/li><\/ul><h2 class=\"wp-block-heading\">2. Pr\u00e9servation de l\u2019environnement<\/h2><p>L\u2019agriculture biologique favorise la pr\u00e9servation de l\u2019environnement en r\u00e9duisant la pollution de l\u2019eau et du sol. En utilisant des pratiques telles que la rotation des cultures, le compostage et la gestion durable des ressources naturelles, les agriculteurs biologiques pr\u00e9servent la biodiversit\u00e9 et prot\u00e8gent les \u00e9cosyst\u00e8mes fragiles de Madagascar.<\/p><ul class=\"wp-block-list\"><li>T\u00e9moignage : Haja, un agriculteur \u00e0 Antsirabe, explique : \u00ab\u00a0En passant \u00e0 l\u2019agriculture biologique, nous avons remarqu\u00e9 une am\u00e9lioration de la qualit\u00e9 de nos sols et de nos cours d\u2019eau. Les insectes b\u00e9n\u00e9fiques reviennent, et nos terres sont plus fertiles qu\u2019auparavant.\u00a0\u00bb<\/li><li>\u00c9tude de cas : Dans le parc national de Ranomafana, des initiatives d\u2019agriculture biologique ont contribu\u00e9 \u00e0 r\u00e9duire la d\u00e9forestation et \u00e0 restaurer les habitats naturels. Les pratiques agricoles durables ont permis de prot\u00e9ger la faune et la flore end\u00e9miques de la r\u00e9gion, pr\u00e9servant ainsi la biodiversit\u00e9 unique de Madagascar.<\/li><\/ul><h2 class=\"wp-block-heading\">3. Renforcement de l\u2019\u00e9conomie locale<\/h2><p>En favorisant la production locale et en r\u00e9duisant la d\u00e9pendance aux intrants import\u00e9s, l\u2019agriculture biologique renforce l\u2019\u00e9conomie locale de Madagascar. Les agriculteurs biologiques b\u00e9n\u00e9ficient \u00e9galement de prix plus \u00e9lev\u00e9s pour leurs produits, ce qui am\u00e9liore leur niveau de vie et contribue \u00e0 la r\u00e9duction de la pauvret\u00e9 dans les zones rurales.<\/p><ul class=\"wp-block-list\"><li>T\u00e9moignage : Mahery, un agriculteur \u00e0 Toamasina, partage son exp\u00e9rience : \u00ab\u00a0Depuis que nous avons commenc\u00e9 \u00e0 cultiver des produits biologiques, nos revenus ont consid\u00e9rablement augment\u00e9. Nous avons pu investir dans de meilleures infrastructures et offrir \u00e0 nos enfants une \u00e9ducation de qualit\u00e9.\u00a0\u00bb<\/li><li>\u00c9tude de cas : Une \u00e9tude \u00e9conomique men\u00e9e dans la r\u00e9gion de Vakinankaratra a r\u00e9v\u00e9l\u00e9 que les agriculteurs biologiques g\u00e9n\u00e8rent en moyenne 30 % de revenus suppl\u00e9mentaires par rapport \u00e0 leurs homologues pratiquant l\u2019agriculture conventionnelle. Cette augmentation des revenus stimule l\u2019\u00e9conomie locale en cr\u00e9ant des emplois et en stimulant la demande de biens et de services.<\/li><\/ul><p>L\u2019agriculture biologique repr\u00e9sente une opportunit\u00e9 significative pour Madagascar de r\u00e9pondre \u00e0 ses d\u00e9fis environnementaux, \u00e9conomiques et sociaux. Les t\u00e9moignages inspirants et les \u00e9tudes de cas illustratives mettent en \u00e9vidence les multiples avantages de cette approche, de l\u2019am\u00e9lioration de la sant\u00e9 des communaut\u00e9s \u00e0 la pr\u00e9servation de l\u2019environnement et au renforcement de l\u2019\u00e9conomie locale. En investissant dans l\u2019agriculture biologique, Madagascar peut cr\u00e9er un avenir plus durable et prosp\u00e8re pour ses habitants et ses \u00e9cosyst\u00e8mes.<\/p>\t\t\t\t\t\t\t\t<\/div>\n\t\t\t\t\t<\/div>\n\t\t<\/div>\n\t\t\t\t\t<\/div>\n\t\t<\/section>\n\t\t\t\t\t<\/div>\n\t\t<\/div>\n\t\t\t\t\t<\/div>\n\t\t<\/section>\n\t\t\t\t<\/div>\n\t\t","protected":false},"excerpt":{"rendered":"<p>Finest Vanilla L\u2019impact positif de l\u2019agriculture biologique \u00e0 Madagascar L\u2019impact positif de l\u2019agriculture biologique \u00e0 Madagascar : t\u00e9moignages et \u00e9tudes de cas D\u00e9couvrez comment l&#8217;agriculture biologique transforme les communaut\u00e9s malgaches, am\u00e9liorant la sant\u00e9, pr\u00e9servant l&#8217;environnement et renfor\u00e7ant l&#8217;\u00e9conomie locale. Des t\u00e9moignages et des \u00e9tudes de cas L\u2019agriculture biologique \u00e9merge comme une solution prometteuse pour Madagascar,&#8230;<\/p>\n","protected":false},"author":1,"featured_media":7532,"parent":0,"menu_order":0,"comment_status":"closed","ping_status":"closed","template":"template-builder.php","meta":{"footnotes":""},"categories":[1],"tags":[],"class_list":["post-7440","page","type-page","status-publish","has-post-thumbnail","hentry","category-blog-news"],"_links":{"self":[{"href":"https:\/\/www.finest-vanilla.com\/fr\/wp-json\/wp\/v2\/pages\/7440","targetHints":{"allow":["GET"]}}],"collection":[{"href":"https:\/\/www.finest-vanilla.com\/fr\/wp-json\/wp\/v2\/pages"}],"about":[{"href":"https:\/\/www.finest-vanilla.com\/fr\/wp-json\/wp\/v2\/types\/page"}],"author":[{"embeddable":true,"href":"https:\/\/www.finest-vanilla.com\/fr\/wp-json\/wp\/v2\/users\/1"}],"replies":[{"embeddable":true,"href":"https:\/\/www.finest-vanilla.com\/fr\/wp-json\/wp\/v2\/comments?post=7440"}],"version-history":[{"count":17,"href":"https:\/\/www.finest-vanilla.com\/fr\/wp-json\/wp\/v2\/pages\/7440\/revisions"}],"predecessor-version":[{"id":7947,"href":"https:\/\/www.finest-vanilla.com\/fr\/wp-json\/wp\/v2\/pages\/7440\/revisions\/7947"}],"wp:featuredmedia":[{"embeddable":true,"href":"https:\/\/www.finest-vanilla.com\/fr\/wp-json\/wp\/v2\/media\/7532"}],"wp:attachment":[{"href":"https:\/\/www.finest-vanilla.com\/fr\/wp-json\/wp\/v2\/media?parent=7440"}],"wp:term":[{"taxonomy":"category","embeddable":true,"href":"https:\/\/www.finest-vanilla.com\/fr\/wp-json\/wp\/v2\/categories?post=7440"},{"taxonomy":"post_tag","embeddable":true,"href":"https:\/\/www.finest-vanilla.com\/fr\/wp-json\/wp\/v2\/tags?post=7440"}],"curies":[{"name":"wp","href":"https:\/\/api.w.org\/{rel}","templated":true}]}}