{"id":7611,"date":"2025-11-19T21:09:08","date_gmt":"2025-11-19T20:09:08","guid":{"rendered":"https:\/\/www.finest-vanilla.com\/fr\/?post_type=product&#038;p=7611"},"modified":"2025-11-27T19:35:53","modified_gmt":"2025-11-27T18:35:53","slug":"vanille-noire-court","status":"publish","type":"product","link":"https:\/\/www.finest-vanilla.com\/fr\/product\/vanille-noire-court\/","title":{"rendered":"Vanille Noire Court"},"content":{"rendered":"","protected":false},"excerpt":{"rendered":"<p><strong>NON-FENDUE<\/strong><br \/>\n<strong>COULEUR: NOIRE, L\u00c9G\u00c8REMENT BRUN<\/strong><br \/>\nLongueur: 10-12cm<br \/>\nTaux d&#8217;humidit\u00e9 : 31 -38%<br \/>\nTaux de vanilline: 1.7 \u00e0 2.4%<br \/>\nGousse souple et charnue, parfum chocolat\u00e9<br \/>\nPoids d&#8217;une gousse : 3.5g<br \/>\nUtilisation en g\u00e9n\u00e9rale: cuisine, restauration, p\u00e2tisserie, confiserie<\/p>\n","protected":false},"featured_media":7614,"template":"","meta":[],"product_brand":[],"product_cat":[15],"product_tag":[],"class_list":{"0":"post-7611","1":"product","2":"type-product","3":"status-publish","4":"has-post-thumbnail","6":"product_cat-vanilla","8":"first","9":"instock","10":"shipping-taxable","11":"purchasable","12":"product-type-simple"},"_links":{"self":[{"href":"https:\/\/www.finest-vanilla.com\/fr\/wp-json\/wp\/v2\/product\/7611","targetHints":{"allow":["GET"]}}],"collection":[{"href":"https:\/\/www.finest-vanilla.com\/fr\/wp-json\/wp\/v2\/product"}],"about":[{"href":"https:\/\/www.finest-vanilla.com\/fr\/wp-json\/wp\/v2\/types\/product"}],"wp:featuredmedia":[{"embeddable":true,"href":"https:\/\/www.finest-vanilla.com\/fr\/wp-json\/wp\/v2\/media\/7614"}],"wp:attachment":[{"href":"https:\/\/www.finest-vanilla.com\/fr\/wp-json\/wp\/v2\/media?parent=7611"}],"wp:term":[{"taxonomy":"product_brand","embeddable":true,"href":"https:\/\/www.finest-vanilla.com\/fr\/wp-json\/wp\/v2\/product_brand?post=7611"},{"taxonomy":"product_cat","embeddable":true,"href":"https:\/\/www.finest-vanilla.com\/fr\/wp-json\/wp\/v2\/product_cat?post=7611"},{"taxonomy":"product_tag","embeddable":true,"href":"https:\/\/www.finest-vanilla.com\/fr\/wp-json\/wp\/v2\/product_tag?post=7611"}],"curies":[{"name":"wp","href":"https:\/\/api.w.org\/{rel}","templated":true}]}}